{"id":83,"date":"2020-08-12T10:23:23","date_gmt":"2020-08-12T10:23:23","guid":{"rendered":"http:\/\/taxrep.us\/imprint\/"},"modified":"2025-11-16T17:11:58","modified_gmt":"2025-11-16T17:11:58","slug":"impressum","status":"publish","type":"page","link":"http:\/\/taxrep.us\/de\/impressum\/","title":{"rendered":"Impressum"},"content":{"rendered":"<div data-elementor-type=\"wp-page\" data-elementor-id=\"83\" class=\"elementor elementor-83\">\n\t\t\t\t\t\t<section class=\"elementor-section elementor-top-section elementor-element elementor-element-28a7203a elementor-section-boxed elementor-section-height-default elementor-section-height-default\" data-id=\"28a7203a\" data-element_type=\"section\">\n\t\t\t\t\t\t<div class=\"elementor-container elementor-column-gap-default\">\n\t\t\t\t\t<div class=\"elementor-column elementor-col-100 elementor-top-column elementor-element elementor-element-2dddbe7f\" data-id=\"2dddbe7f\" data-element_type=\"column\">\n\t\t\t<div class=\"elementor-widget-wrap elementor-element-populated\">\n\t\t\t\t\t\t<div class=\"elementor-element elementor-element-373f5dac elementor-widget elementor-widget-text-editor\" data-id=\"373f5dac\" data-element_type=\"widget\" data-widget_type=\"text-editor.default\">\n\t\t\t\t<div class=\"elementor-widget-container\">\n\t\t\t\t\t\t\t\t\t<p>Sesch USA LLC<br>100 N Howard St STE R<br>Spokane<br>WA 99201<br>USA<\/p>\n<p>E-Mail: Mail@taxrep.us<\/p>\n<p><!-- \/wp:paragraph --><\/p>\n<p><!-- wp:paragraph --><\/p>\n<p><b>G<\/b><strong>esch\u00e4ftsf\u00fchrer<\/strong><br>Dipl.-Kfm. Alexander F\u00f6lsche<br>Zertifizierter Wirtschaftspr\u00fcfer (US)<br>Wirtschaftspr\u00fcfer (DE)<br>Revisionsexperte (CH)<\/p>\n<p><!-- \/wp:paragraph --><\/p>\n<p><!-- wp:paragraph --><\/p>\n<p><strong>Weitere rechtliche Informationen:<\/strong><br>Die auf den Webseiten von Sesch USA LLC dargestellten Informationen enthalten lediglich allgemeine Hinweise. Sie ersetzen nicht die erforderliche individuelle Beratung auf der Grundlage eines konkret zu beurteilenden Einzelfalls. Sesch USA LLC \u00fcbernimmt keine Gew\u00e4hr f\u00fcr die Richtigkeit und Vollst\u00e4ndigkeit der dargestellten Informationen.<\/p>\n<p><!-- \/wp:paragraph --><\/p>\n<p><!-- wp:paragraph --><\/p>\n<p><strong>Referenzen und Links:<\/strong><br>Die Webseiten von Sesch USA LLC enthalten direkte oder indirekte Verweise auf fremde Internetseiten, die au\u00dferhalb des Verantwortungsbereiches von Sesch USA LLC liegen. Sesch USA LLC erkl\u00e4rt ausdr\u00fccklich, dass zum Zeitpunkt der Linksetzung keine illegalen Inhalte auf den zu verlinkenden Seiten erkennbar waren. Sesch USA LLC hat keinerlei Einfluss auf die zuk\u00fcnftige Gestaltung der verlinkten Seiten und distanziert sich daher vorsorglich von allen inhaltlichen \u00c4nderungen, die nach der Linksetzung vorgenommen werden. F\u00fcr illegale, fehlerhafte oder unvollst\u00e4ndige Inhalte und insbesondere f\u00fcr Sch\u00e4den, die aus der Nutzung oder Nichtnutzung solcherart dargebotener Informationen entstehen, haftet allein der Anbieter der Seite, auf welche verwiesen wurde, nicht derjenige, der \u00fcber Links auf die jeweilige Ver\u00f6ffentlichung lediglich verweist. Bei direkten oder indirekten Verweisen tritt eine Haftungsverpflichtung von Sesch USA LLC nicht in Kraft.<\/p>\n<p><!-- \/wp:paragraph --><\/p>\n<p><!-- wp:paragraph --><\/p>\n<p><strong>Urheberrecht:<\/strong><br>Die durch die Seitenbetreiber erstellten Inhalte und Werke auf diesen Seiten unterliegen dem Urheberrecht. Die Vervielf\u00e4ltigung, Bearbeitung, Verbreitung und jede Art der Verwertung au\u00dferhalb der Grenzen des Urheberrechtes bed\u00fcrfen der schriftlichen Zustimmung des jeweiligen Autors bzw. Erstellers.<\/p>\n<p><!-- \/wp:paragraph --><\/p>\t\t\t\t\t\t\t\t<\/div>\n\t\t\t\t<\/div>\n\t\t\t\t\t<\/div>\n\t\t<\/div>\n\t\t\t\t\t<\/div>\n\t\t<\/section>\n\t\t\t\t<\/div>","protected":false},"excerpt":{"rendered":"<p>Sesch USA LLC100 N Howard St STE RSpokaneWA 99201USA E-Mail: Mail@taxrep.us Gesch\u00e4ftsf\u00fchrer:Dipl.-Kfm. Alexander F\u00f6lscheCertified Public Accountant (US)Wirtschaftspr\u00fcfer (DE)Revisionsexperte (CH) Weitere rechtliche Hinweise:Die auf den Webseiten von Sesch USA LLC dargestellten Informationen enthalten lediglich allgemeine Hinweise. Sie ersetzen nicht die notwendige individuelle Beratung auf der Grundlage eines konkret zu beurteilenden Falles. [...]<\/p>","protected":false},"author":2,"featured_media":0,"parent":0,"menu_order":35,"comment_status":"closed","ping_status":"closed","template":"","meta":{"_acf_changed":false,"om_disable_all_campaigns":false,"_monsterinsights_skip_tracking":false,"_monsterinsights_sitenote_active":false,"_monsterinsights_sitenote_note":"","_monsterinsights_sitenote_category":0,"footnotes":""},"class_list":["post-83","page","type-page","status-publish","hentry"],"acf":[],"yoast_head":"<!-- This site is optimized with the Yoast SEO Premium plugin v26.6 (Yoast SEO v26.8) - https:\/\/yoast.com\/product\/yoast-seo-premium-wordpress\/ -->\n<title>Imprint Information for Sesch USA LLC - TaxRep<\/title>\n<meta name=\"description\" content=\"Learn about the imprint for Sesch USA LLC, including contact details and legal information regarding our services.\" \/>\n<meta name=\"robots\" content=\"noindex, follow\" \/>\n<meta property=\"og:locale\" content=\"de_DE\" \/>\n<meta property=\"og:type\" content=\"article\" \/>\n<meta property=\"og:title\" content=\"Imprint\" \/>\n<meta property=\"og:description\" content=\"Learn about the imprint for Sesch USA LLC, including contact details and legal information regarding our services.\" \/>\n<meta property=\"og:url\" content=\"https:\/\/taxrep.us\/de\/impressum\/\" \/>\n<meta property=\"og:site_name\" content=\"TaxRep\" \/>\n<meta property=\"article:modified_time\" content=\"2025-11-16T17:11:58+00:00\" \/>\n<meta name=\"twitter:card\" content=\"summary_large_image\" \/>\n<meta name=\"twitter:label1\" content=\"Gesch\u00e4tzte Lesezeit\" \/>\n\t<meta name=\"twitter:data1\" content=\"2\u00a0Minuten\" \/>\n<script type=\"application\/ld+json\" class=\"yoast-schema-graph\">{\"@context\":\"https:\/\/schema.org\",\"@graph\":[{\"@type\":\"WebPage\",\"@id\":\"https:\/\/taxrep.us\/imprint\/\",\"url\":\"https:\/\/taxrep.us\/imprint\/\",\"name\":\"Imprint Information for Sesch USA LLC - TaxRep\",\"isPartOf\":{\"@id\":\"https:\/\/taxrep.us\/#website\"},\"datePublished\":\"2020-08-12T10:23:23+00:00\",\"dateModified\":\"2025-11-16T17:11:58+00:00\",\"description\":\"Learn about the imprint for Sesch USA LLC, including contact details and legal information regarding our services.\",\"breadcrumb\":{\"@id\":\"https:\/\/taxrep.us\/imprint\/#breadcrumb\"},\"inLanguage\":\"de\",\"potentialAction\":[{\"@type\":\"ReadAction\",\"target\":[\"https:\/\/taxrep.us\/imprint\/\"]}]},{\"@type\":\"BreadcrumbList\",\"@id\":\"https:\/\/taxrep.us\/imprint\/#breadcrumb\",\"itemListElement\":[{\"@type\":\"ListItem\",\"position\":1,\"name\":\"Home\",\"item\":\"https:\/\/taxrep.us\/\"},{\"@type\":\"ListItem\",\"position\":2,\"name\":\"Imprint\"}]},{\"@type\":\"WebSite\",\"@id\":\"https:\/\/taxrep.us\/#website\",\"url\":\"https:\/\/taxrep.us\/\",\"name\":\"TaxRep\",\"description\":\"Tax Services\",\"publisher\":{\"@id\":\"https:\/\/taxrep.us\/#organization\"},\"potentialAction\":[{\"@type\":\"SearchAction\",\"target\":{\"@type\":\"EntryPoint\",\"urlTemplate\":\"https:\/\/taxrep.us\/?s={search_term_string}\"},\"query-input\":{\"@type\":\"PropertyValueSpecification\",\"valueRequired\":true,\"valueName\":\"search_term_string\"}}],\"inLanguage\":\"de\"},{\"@type\":\"Organization\",\"@id\":\"https:\/\/taxrep.us\/#organization\",\"name\":\"Sesch USA LLC\",\"url\":\"https:\/\/taxrep.us\/\",\"logo\":{\"@type\":\"ImageObject\",\"inLanguage\":\"de\",\"@id\":\"https:\/\/taxrep.us\/#\/schema\/logo\/image\/\",\"url\":\"https:\/\/taxrep.us\/wp-content\/uploads\/2023\/09\/TaxRep-Logo-scaled.jpg\",\"contentUrl\":\"https:\/\/taxrep.us\/wp-content\/uploads\/2023\/09\/TaxRep-Logo-scaled.jpg\",\"width\":2560,\"height\":708,\"caption\":\"Sesch USA LLC\"},\"image\":{\"@id\":\"https:\/\/taxrep.us\/#\/schema\/logo\/image\/\"}}]}<\/script>\n<!-- \/ Yoast SEO Premium plugin. -->","yoast_head_json":{"title":"Impressum f\u00fcr Sesch USA LLC - TaxRep","description":"Informieren Sie sich \u00fcber das Impressum der Sesch USA LLC, einschlie\u00dflich der Kontaktdaten und rechtlichen Hinweise zu unseren Dienstleistungen.","robots":{"index":"noindex","follow":"follow"},"og_locale":"de_DE","og_type":"article","og_title":"Imprint","og_description":"Learn about the imprint for Sesch USA LLC, including contact details and legal information regarding our services.","og_url":"https:\/\/taxrep.us\/de\/impressum\/","og_site_name":"TaxRep","article_modified_time":"2025-11-16T17:11:58+00:00","twitter_card":"summary_large_image","twitter_misc":{"Gesch\u00e4tzte Lesezeit":"2\u00a0Minuten"},"schema":{"@context":"https:\/\/schema.org","@graph":[{"@type":"WebPage","@id":"https:\/\/taxrep.us\/imprint\/","url":"https:\/\/taxrep.us\/imprint\/","name":"Impressum f\u00fcr Sesch USA LLC - TaxRep","isPartOf":{"@id":"https:\/\/taxrep.us\/#website"},"datePublished":"2020-08-12T10:23:23+00:00","dateModified":"2025-11-16T17:11:58+00:00","description":"Informieren Sie sich \u00fcber das Impressum der Sesch USA LLC, einschlie\u00dflich der Kontaktdaten und rechtlichen Hinweise zu unseren Dienstleistungen.","breadcrumb":{"@id":"https:\/\/taxrep.us\/imprint\/#breadcrumb"},"inLanguage":"de","potentialAction":[{"@type":"ReadAction","target":["https:\/\/taxrep.us\/imprint\/"]}]},{"@type":"BreadcrumbList","@id":"https:\/\/taxrep.us\/imprint\/#breadcrumb","itemListElement":[{"@type":"ListItem","position":1,"name":"Home","item":"https:\/\/taxrep.us\/"},{"@type":"ListItem","position":2,"name":"Imprint"}]},{"@type":"WebSite","@id":"https:\/\/taxrep.us\/#website","url":"https:\/\/taxrep.us\/","name":"TaxRep","description":"Steuerliche Dienstleistungen","publisher":{"@id":"https:\/\/taxrep.us\/#organization"},"potentialAction":[{"@type":"SearchAction","target":{"@type":"EntryPoint","urlTemplate":"https:\/\/taxrep.us\/?s={search_term_string}"},"query-input":{"@type":"PropertyValueSpecification","valueRequired":true,"valueName":"search_term_string"}}],"inLanguage":"de"},{"@type":"Organization","@id":"https:\/\/taxrep.us\/#organization","name":"Sesch USA LLC","url":"https:\/\/taxrep.us\/","logo":{"@type":"ImageObject","inLanguage":"de","@id":"https:\/\/taxrep.us\/#\/schema\/logo\/image\/","url":"https:\/\/taxrep.us\/wp-content\/uploads\/2023\/09\/TaxRep-Logo-scaled.jpg","contentUrl":"https:\/\/taxrep.us\/wp-content\/uploads\/2023\/09\/TaxRep-Logo-scaled.jpg","width":2560,"height":708,"caption":"Sesch USA LLC"},"image":{"@id":"https:\/\/taxrep.us\/#\/schema\/logo\/image\/"}}]}},"_links":{"self":[{"href":"http:\/\/taxrep.us\/de\/wp-json\/wp\/v2\/pages\/83","targetHints":{"allow":["GET"]}}],"collection":[{"href":"http:\/\/taxrep.us\/de\/wp-json\/wp\/v2\/pages"}],"about":[{"href":"http:\/\/taxrep.us\/de\/wp-json\/wp\/v2\/types\/page"}],"author":[{"embeddable":true,"href":"http:\/\/taxrep.us\/de\/wp-json\/wp\/v2\/users\/2"}],"replies":[{"embeddable":true,"href":"http:\/\/taxrep.us\/de\/wp-json\/wp\/v2\/comments?post=83"}],"version-history":[{"count":10,"href":"http:\/\/taxrep.us\/de\/wp-json\/wp\/v2\/pages\/83\/revisions"}],"predecessor-version":[{"id":2149,"href":"http:\/\/taxrep.us\/de\/wp-json\/wp\/v2\/pages\/83\/revisions\/2149"}],"wp:attachment":[{"href":"http:\/\/taxrep.us\/de\/wp-json\/wp\/v2\/media?parent=83"}],"curies":[{"name":"wp","href":"https:\/\/api.w.org\/{rel}","templated":true}]}}