{"id":83,"date":"2020-08-12T10:23:23","date_gmt":"2020-08-12T10:23:23","guid":{"rendered":"http:\/\/taxrep.us\/imprint\/"},"modified":"2025-11-16T17:11:58","modified_gmt":"2025-11-16T17:11:58","slug":"impression","status":"publish","type":"page","link":"http:\/\/taxrep.us\/fr\/impression\/","title":{"rendered":"Impression"},"content":{"rendered":"<div data-elementor-type=\"wp-page\" data-elementor-id=\"83\" class=\"elementor elementor-83\">\n\t\t\t\t\t\t<section class=\"elementor-section elementor-top-section elementor-element elementor-element-28a7203a elementor-section-boxed elementor-section-height-default elementor-section-height-default\" data-id=\"28a7203a\" data-element_type=\"section\">\n\t\t\t\t\t\t<div class=\"elementor-container elementor-column-gap-default\">\n\t\t\t\t\t<div class=\"elementor-column elementor-col-100 elementor-top-column elementor-element elementor-element-2dddbe7f\" data-id=\"2dddbe7f\" data-element_type=\"column\">\n\t\t\t<div class=\"elementor-widget-wrap elementor-element-populated\">\n\t\t\t\t\t\t<div class=\"elementor-element elementor-element-373f5dac elementor-widget elementor-widget-text-editor\" data-id=\"373f5dac\" data-element_type=\"widget\" data-widget_type=\"text-editor.default\">\n\t\t\t\t<div class=\"elementor-widget-container\">\n\t\t\t\t\t\t\t\t\t<p>Sesch USA LLC<br>100 N Howard St STE R<br>Spokane<br>WA 99201<br>\u00c9TATS-UNIS<\/p>\n<p>E-Mail : Mail@taxrep.us<\/p>\n<p><!-- \/wp:paragraph --><\/p>\n<p><!-- wp:paragraph --><\/p>\n<p><b>M<\/b><strong>Directeur g\u00e9n\u00e9ral :<\/strong><br>Dipl. Alexander F\u00f6lsche<br>Expert-comptable (\u00c9tats-Unis)<br>Conseiller \u00e9conomique (DE)<br>Revisionsexperte (CH)<\/p>\n<p><!-- \/wp:paragraph --><\/p>\n<p><!-- wp:paragraph --><\/p>\n<p><strong>Autres informations juridiques :<\/strong><br>Les informations pr\u00e9sent\u00e9es sur les pages web de Sesch USA LLC ne contiennent que des informations g\u00e9n\u00e9rales. Elles ne remplacent pas les conseils individuels n\u00e9cessaires \u00e0 l'\u00e9valuation d'un cas sp\u00e9cifique. Sesch USA LLC n'assume aucune responsabilit\u00e9 quant \u00e0 l'exactitude et \u00e0 l'exhaustivit\u00e9 des informations pr\u00e9sent\u00e9es.<\/p>\n<p><!-- \/wp:paragraph --><\/p>\n<p><!-- wp:paragraph --><\/p>\n<p><strong>R\u00e9f\u00e9rences et liens :<\/strong><br>Les pages web de Sesch USA LLC contiennent des r\u00e9f\u00e9rences directes ou indirectes \u00e0 des pages web externes qui ne rel\u00e8vent pas de la responsabilit\u00e9 de Sesch USA LLC. Sesch USA LLC d\u00e9clare express\u00e9ment qu'au moment de la cr\u00e9ation des liens, aucun contenu ill\u00e9gal n'\u00e9tait identifiable sur les sites li\u00e9s. Sesch USA LLC n'a aucune influence sur la conception future des sites li\u00e9s et se distancie donc, par mesure de pr\u00e9caution, de toute modification du contenu apr\u00e8s l'\u00e9tablissement du lien. La responsabilit\u00e9 des contenus ill\u00e9gaux, incorrects ou incomplets, et en particulier des dommages caus\u00e9s par les contenus de ces pages li\u00e9es, incombe exclusivement au fournisseur de la page \u00e0 laquelle il est fait r\u00e9f\u00e9rence, et non \u00e0 celui qui se contente de renvoyer \u00e0 la publication en question par le biais de liens. Dans le cas de r\u00e9f\u00e9rences directes ou indirectes, l'obligation de responsabilit\u00e9 de Sesch USA LLC n'entre pas en vigueur.<\/p>\n<p><!-- \/wp:paragraph --><\/p>\n<p><!-- wp:paragraph --><\/p>\n<p><strong>Droit d'auteur :<\/strong><br>Le contenu et les travaux cr\u00e9\u00e9s par les op\u00e9rateurs du site sur ces pages sont soumis \u00e0 la loi sur les droits d'auteur. La reproduction, le traitement, la distribution ou toute forme de commercialisation de ce mat\u00e9riel au-del\u00e0 du champ d'application de la loi sur les droits d'auteur n\u00e9cessitent l'accord \u00e9crit pr\u00e9alable de l'auteur ou du cr\u00e9ateur respectif.<\/p>\n<p><!-- \/wp:paragraph --><\/p>\t\t\t\t\t\t\t\t<\/div>\n\t\t\t\t<\/div>\n\t\t\t\t\t<\/div>\n\t\t<\/div>\n\t\t\t\t\t<\/div>\n\t\t<\/section>\n\t\t\t\t<\/div>","protected":false},"excerpt":{"rendered":"<p>Sesch USA LLC100 N Howard St STE RSpokaneWA 99201USA E-Mail: Mail@taxrep.us Managing Director:Dipl.-Kfm. Alexander F\u00f6lscheCertified Public Accountant (US)Wirtschaftspr\u00fcfer (DE)Revisionsexperte (CH) Further Legal Information:The information presented on the web pages of Sesch USA LLC contains only general information. It is not a substitute for the necessary individual advice based on a specific case to be assessed. [&hellip;]<\/p>","protected":false},"author":2,"featured_media":0,"parent":0,"menu_order":35,"comment_status":"closed","ping_status":"closed","template":"","meta":{"_acf_changed":false,"om_disable_all_campaigns":false,"_monsterinsights_skip_tracking":false,"_monsterinsights_sitenote_active":false,"_monsterinsights_sitenote_note":"","_monsterinsights_sitenote_category":0,"footnotes":""},"class_list":["post-83","page","type-page","status-publish","hentry"],"acf":[],"yoast_head":"<!-- This site is optimized with the Yoast SEO Premium plugin v26.6 (Yoast SEO v26.8) - https:\/\/yoast.com\/product\/yoast-seo-premium-wordpress\/ -->\n<title>Imprint Information for Sesch USA LLC - TaxRep<\/title>\n<meta name=\"description\" content=\"Learn about the imprint for Sesch USA LLC, including contact details and legal information regarding our services.\" \/>\n<meta name=\"robots\" content=\"noindex, follow\" \/>\n<meta property=\"og:locale\" content=\"fr_FR\" \/>\n<meta property=\"og:type\" content=\"article\" \/>\n<meta property=\"og:title\" content=\"Imprint\" \/>\n<meta property=\"og:description\" content=\"Learn about the imprint for Sesch USA LLC, including contact details and legal information regarding our services.\" \/>\n<meta property=\"og:url\" content=\"https:\/\/taxrep.us\/fr\/impression\/\" \/>\n<meta property=\"og:site_name\" content=\"TaxRep\" \/>\n<meta property=\"article:modified_time\" content=\"2025-11-16T17:11:58+00:00\" \/>\n<meta name=\"twitter:card\" content=\"summary_large_image\" \/>\n<meta name=\"twitter:label1\" content=\"Dur\u00e9e de lecture estim\u00e9e\" \/>\n\t<meta name=\"twitter:data1\" content=\"2 minutes\" \/>\n<script type=\"application\/ld+json\" class=\"yoast-schema-graph\">{\"@context\":\"https:\/\/schema.org\",\"@graph\":[{\"@type\":\"WebPage\",\"@id\":\"https:\/\/taxrep.us\/imprint\/\",\"url\":\"https:\/\/taxrep.us\/imprint\/\",\"name\":\"Imprint Information for Sesch USA LLC - TaxRep\",\"isPartOf\":{\"@id\":\"https:\/\/taxrep.us\/#website\"},\"datePublished\":\"2020-08-12T10:23:23+00:00\",\"dateModified\":\"2025-11-16T17:11:58+00:00\",\"description\":\"Learn about the imprint for Sesch USA LLC, including contact details and legal information regarding our services.\",\"breadcrumb\":{\"@id\":\"https:\/\/taxrep.us\/imprint\/#breadcrumb\"},\"inLanguage\":\"fr-FR\",\"potentialAction\":[{\"@type\":\"ReadAction\",\"target\":[\"https:\/\/taxrep.us\/imprint\/\"]}]},{\"@type\":\"BreadcrumbList\",\"@id\":\"https:\/\/taxrep.us\/imprint\/#breadcrumb\",\"itemListElement\":[{\"@type\":\"ListItem\",\"position\":1,\"name\":\"Home\",\"item\":\"https:\/\/taxrep.us\/\"},{\"@type\":\"ListItem\",\"position\":2,\"name\":\"Imprint\"}]},{\"@type\":\"WebSite\",\"@id\":\"https:\/\/taxrep.us\/#website\",\"url\":\"https:\/\/taxrep.us\/\",\"name\":\"TaxRep\",\"description\":\"Tax Services\",\"publisher\":{\"@id\":\"https:\/\/taxrep.us\/#organization\"},\"potentialAction\":[{\"@type\":\"SearchAction\",\"target\":{\"@type\":\"EntryPoint\",\"urlTemplate\":\"https:\/\/taxrep.us\/?s={search_term_string}\"},\"query-input\":{\"@type\":\"PropertyValueSpecification\",\"valueRequired\":true,\"valueName\":\"search_term_string\"}}],\"inLanguage\":\"fr-FR\"},{\"@type\":\"Organization\",\"@id\":\"https:\/\/taxrep.us\/#organization\",\"name\":\"Sesch USA LLC\",\"url\":\"https:\/\/taxrep.us\/\",\"logo\":{\"@type\":\"ImageObject\",\"inLanguage\":\"fr-FR\",\"@id\":\"https:\/\/taxrep.us\/#\/schema\/logo\/image\/\",\"url\":\"https:\/\/taxrep.us\/wp-content\/uploads\/2023\/09\/TaxRep-Logo-scaled.jpg\",\"contentUrl\":\"https:\/\/taxrep.us\/wp-content\/uploads\/2023\/09\/TaxRep-Logo-scaled.jpg\",\"width\":2560,\"height\":708,\"caption\":\"Sesch USA LLC\"},\"image\":{\"@id\":\"https:\/\/taxrep.us\/#\/schema\/logo\/image\/\"}}]}<\/script>\n<!-- \/ Yoast SEO Premium plugin. -->","yoast_head_json":{"title":"Informations sur les mentions l\u00e9gales pour Sesch USA LLC - TaxRep","description":"D\u00e9couvrez les mentions l\u00e9gales de Sesch USA LLC, y compris les coordonn\u00e9es et les informations juridiques relatives \u00e0 nos services.","robots":{"index":"noindex","follow":"follow"},"og_locale":"fr_FR","og_type":"article","og_title":"Imprint","og_description":"Learn about the imprint for Sesch USA LLC, including contact details and legal information regarding our services.","og_url":"https:\/\/taxrep.us\/fr\/impression\/","og_site_name":"TaxRep","article_modified_time":"2025-11-16T17:11:58+00:00","twitter_card":"summary_large_image","twitter_misc":{"Dur\u00e9e de lecture estim\u00e9e":"2 minutes"},"schema":{"@context":"https:\/\/schema.org","@graph":[{"@type":"WebPage","@id":"https:\/\/taxrep.us\/imprint\/","url":"https:\/\/taxrep.us\/imprint\/","name":"Informations sur les mentions l\u00e9gales pour Sesch USA LLC - TaxRep","isPartOf":{"@id":"https:\/\/taxrep.us\/#website"},"datePublished":"2020-08-12T10:23:23+00:00","dateModified":"2025-11-16T17:11:58+00:00","description":"D\u00e9couvrez les mentions l\u00e9gales de Sesch USA LLC, y compris les coordonn\u00e9es et les informations juridiques relatives \u00e0 nos services.","breadcrumb":{"@id":"https:\/\/taxrep.us\/imprint\/#breadcrumb"},"inLanguage":"fr-FR","potentialAction":[{"@type":"ReadAction","target":["https:\/\/taxrep.us\/imprint\/"]}]},{"@type":"BreadcrumbList","@id":"https:\/\/taxrep.us\/imprint\/#breadcrumb","itemListElement":[{"@type":"ListItem","position":1,"name":"Home","item":"https:\/\/taxrep.us\/"},{"@type":"ListItem","position":2,"name":"Imprint"}]},{"@type":"WebSite","@id":"https:\/\/taxrep.us\/#website","url":"https:\/\/taxrep.us\/","name":"TaxRep","description":"Services fiscaux","publisher":{"@id":"https:\/\/taxrep.us\/#organization"},"potentialAction":[{"@type":"SearchAction","target":{"@type":"EntryPoint","urlTemplate":"https:\/\/taxrep.us\/?s={search_term_string}"},"query-input":{"@type":"PropertyValueSpecification","valueRequired":true,"valueName":"search_term_string"}}],"inLanguage":"fr-FR"},{"@type":"Organization","@id":"https:\/\/taxrep.us\/#organization","name":"Sesch USA LLC","url":"https:\/\/taxrep.us\/","logo":{"@type":"ImageObject","inLanguage":"fr-FR","@id":"https:\/\/taxrep.us\/#\/schema\/logo\/image\/","url":"https:\/\/taxrep.us\/wp-content\/uploads\/2023\/09\/TaxRep-Logo-scaled.jpg","contentUrl":"https:\/\/taxrep.us\/wp-content\/uploads\/2023\/09\/TaxRep-Logo-scaled.jpg","width":2560,"height":708,"caption":"Sesch USA LLC"},"image":{"@id":"https:\/\/taxrep.us\/#\/schema\/logo\/image\/"}}]}},"_links":{"self":[{"href":"http:\/\/taxrep.us\/fr\/wp-json\/wp\/v2\/pages\/83","targetHints":{"allow":["GET"]}}],"collection":[{"href":"http:\/\/taxrep.us\/fr\/wp-json\/wp\/v2\/pages"}],"about":[{"href":"http:\/\/taxrep.us\/fr\/wp-json\/wp\/v2\/types\/page"}],"author":[{"embeddable":true,"href":"http:\/\/taxrep.us\/fr\/wp-json\/wp\/v2\/users\/2"}],"replies":[{"embeddable":true,"href":"http:\/\/taxrep.us\/fr\/wp-json\/wp\/v2\/comments?post=83"}],"version-history":[{"count":10,"href":"http:\/\/taxrep.us\/fr\/wp-json\/wp\/v2\/pages\/83\/revisions"}],"predecessor-version":[{"id":2149,"href":"http:\/\/taxrep.us\/fr\/wp-json\/wp\/v2\/pages\/83\/revisions\/2149"}],"wp:attachment":[{"href":"http:\/\/taxrep.us\/fr\/wp-json\/wp\/v2\/media?parent=83"}],"curies":[{"name":"wp","href":"https:\/\/api.w.org\/{rel}","templated":true}]}}