{"id":4257,"date":"2025-09-22T15:50:21","date_gmt":"2025-09-22T15:50:21","guid":{"rendered":"https:\/\/taxrep.us\/?page_id=4257"},"modified":"2025-12-08T11:34:02","modified_gmt":"2025-12-08T11:34:02","slug":"schweizer-erbschafts-und-vermogenssteuerdienst","status":"publish","type":"page","link":"https:\/\/taxrep.us\/de\/schweizer-erbschafts-und-vermogenssteuerdienst\/","title":{"rendered":"Schweizer Erbschafts-, Verm\u00f6gens- und Immobiliensteuer-Service"},"content":{"rendered":"<div data-elementor-type=\"wp-page\" data-elementor-id=\"4257\" class=\"elementor elementor-4257\">\n\t\t\t\t\t\t<section class=\"elementor-section elementor-top-section elementor-element elementor-element-a9ef211 elementor-section-boxed elementor-section-height-default elementor-section-height-default\" data-id=\"a9ef211\" data-element_type=\"section\">\n\t\t\t\t\t\t<div class=\"elementor-container elementor-column-gap-default\">\n\t\t\t\t\t<div class=\"elementor-column elementor-col-100 elementor-top-column elementor-element elementor-element-5f1dc95\" data-id=\"5f1dc95\" data-element_type=\"column\" data-settings=\"{&quot;background_background&quot;:&quot;classic&quot;}\">\n\t\t\t<div class=\"elementor-widget-wrap elementor-element-populated\">\n\t\t\t\t\t\t<div class=\"elementor-element elementor-element-63a9b26 elementor-widget elementor-widget-heading\" data-id=\"63a9b26\" data-element_type=\"widget\" data-widget_type=\"heading.default\">\n\t\t\t\t<div class=\"elementor-widget-container\">\n\t\t\t\t\t<h1 class=\"elementor-heading-title elementor-size-default\">Schweizer Erbschafts-, Verm\u00f6gens- und Objektsteuer-Service<\/h1>\t\t\t\t<\/div>\n\t\t\t\t<\/div>\n\t\t\t\t\t<\/div>\n\t\t<\/div>\n\t\t\t\t\t<\/div>\n\t\t<\/section>\n\t\t\t\t<section class=\"elementor-section elementor-top-section elementor-element elementor-element-38d51b0 elementor-section-boxed elementor-section-height-default elementor-section-height-default\" data-id=\"38d51b0\" data-element_type=\"section\">\n\t\t\t\t\t\t\t<div class=\"elementor-background-overlay\"><\/div>\n\t\t\t\t\t\t\t<div class=\"elementor-container elementor-column-gap-default\">\n\t\t\t\t\t<div class=\"elementor-column elementor-col-100 elementor-top-column elementor-element elementor-element-755461f\" data-id=\"755461f\" data-element_type=\"column\">\n\t\t\t<div class=\"elementor-widget-wrap elementor-element-populated\">\n\t\t\t\t\t\t<div class=\"elementor-element elementor-element-9186d8c elementor-widget-divider--view-line elementor-widget elementor-widget-divider\" data-id=\"9186d8c\" data-element_type=\"widget\" data-widget_type=\"divider.default\">\n\t\t\t\t<div class=\"elementor-widget-container\">\n\t\t\t\t\t\t\t<div class=\"elementor-divider\">\n\t\t\t<span class=\"elementor-divider-separator\">\n\t\t\t\t\t\t<\/span>\n\t\t<\/div>\n\t\t\t\t\t\t<\/div>\n\t\t\t\t<\/div>\n\t\t\t\t<div class=\"elementor-element elementor-element-3e7f4c8 elementor-widget elementor-widget-html\" data-id=\"3e7f4c8\" data-element_type=\"widget\" data-widget_type=\"html.default\">\n\t\t\t\t<div class=\"elementor-widget-container\">\n\t\t\t\t\t<!-- ===== QUICKLINKS NAV (SILO LINKS) ===== -->\r\n<nav class=\"quicklinks\" aria-label=\"Schweizer Erbschaft, Verm\u00f6gen &amp; Immobilien Quicklinks\">\r\n  <a href=\"\/de\/.\/schweizer-erbschaftssteuer-service\/\" rel=\"noopener\">Erbschaftssteuer-Service<\/a>\r\n  <a href=\"\/de\/.\/swiss-wealth-tax-service\/\" rel=\"noopener\">Verm\u00f6genssteuer-Service<\/a>\r\n  <a href=\"\/de\/.\/swiss-property-tax-service\/\" rel=\"noopener\">Objektsteuer-Service<\/a>\r\n  <a href=\"https:\/\/taxrep.us\/de\/steuer_guide\/leitfaden-zur-schweizer-erbschafts-und-vermogenssteuer\/\" rel=\"noopener\">Technischer Leitfaden<\/a>\r\n<\/nav>\r\n\r\n<style>\r\n  .quicklinks{\r\n    display:flex;\r\n    flex-wrap:wrap;\r\n    gap:8px;\r\n    margin:0 0 16px 0;\r\n  }\r\n  .quicklinks a{\r\n    display:inline-block;\r\n    padding:8px 12px;\r\n    border-radius:999px;\r\n    text-decoration:none;\r\n    font-size:14px;\r\n    border:1px solid #cbd5e1;\r\n    background:#f8fafc;\r\n    color:#0c1a2a;\r\n    transition:background 0.15s ease, border-color 0.15s ease;\r\n  }\r\n  .quicklinks a:hover{\r\n    background:#0b5d4b;\r\n    border-color:#0b5d4b;\r\n    color:#fff;\r\n  }\r\n<\/style>\r\n\r\n<!-- ===== HERO ===== -->\r\n<section id=\"ch-iwp-hero\" style=\"margin:0 0 18px 0;\">\r\n  <h2 style=\"margin-bottom:8px;\">Schweizer Erbschafts-, Verm\u00f6gens- und Objektsteuer - Dienstleistungs\u00fcbersicht<\/h2>\r\n  <p style=\"margin:6px 0;\">\r\n    Diese Seite f\u00fchrt Sie zu unseren speziellen Schweizer Erbschafts-, Verm\u00f6gens- und Objektsteuer-Dienstleistungen.\n    Verwenden Sie die untenstehenden Links, um die entsprechende Dienstleistung auszuw\u00e4hlen, oder erkunden Sie unseren technischen Leitfaden.\r\n  <\/p>\r\n  <div style=\"display:flex;gap:10px;flex-wrap:wrap;margin-top:10px;\">\r\n    <a href=\"\/de\/kontakt\/\" style=\"display:inline-block;background:#0b5d4b;color:#fff;text-decoration:none;border-radius:10px;padding:10px 14px;\">Kostenlose 20-min\u00fctige Beratung<\/a>\r\n    <a href=\"#services\" style=\"display:inline-block;background:#0c1a2a;color:#fff;text-decoration:none;border-radius:10px;padding:10px 14px;\">Schweizer Steuerdienstleistungen ansehen<\/a>\r\n  <\/div>\r\n<\/section>\r\n\r\n<hr style=\"margin:14px 0;\">\r\n\r\n<!-- ===== RESPONSIVE LAYOUT CSS ===== -->\r\n<style>\r\n  .two-col{\r\n    display:grid;\r\n    grid-template-columns:minmax(220px,28%) 1fr;\r\n    gap:18px;\r\n    align-items:start;\r\n  }\r\n\r\n  .two-col aside{\r\n    position:sticky;\r\n    top:72px;\r\n    align-self:start;\r\n  }\r\n\r\n  @media (max-width: 900px){\r\n    .two-col{\r\n      grid-template-columns:1fr;\r\n    }\r\n    .two-col aside{\r\n      position:static;\r\n      top:auto;\r\n    }\r\n  }\r\n\r\n  .two-col img{max-width:100%;height:auto;display:block;border-radius:10px;}\r\n  .two-col main, .two-col aside{overflow:visible}\r\n<\/style>\r\n\r\n<!-- ===== TWO-COLUMN LAYOUT ===== -->\r\n<div class=\"two-col\">\r\n  <!-- LEFT \/ ASIDE -->\r\n  <aside>\r\n\r\n    <!-- IMAGE BLOCK -->\r\n    <div style=\"margin-bottom:14px;\">\r\n      <img decoding=\"async\" src=\"https:\/\/taxrep.us\/wp-content\/uploads\/2025\/09\/Swiss-Inheritance-Welth-and-Property-Tax-Service.png\" alt=\"\u00dcbersicht \u00fcber die Schweizer Erbschafts-, Verm\u00f6gens- und Immobiliensteuer\">\r\n    <\/div>\r\n\r\n    <div style=\"border:1px solid #cbd5e1;border-radius:10px;padding:10px;margin-bottom:12px;\">\r\n      <div style=\"margin-top:8px;font-size:14px;color:#374151;\">\r\n        Auf einen Blick:\r\n        <ul style=\"margin:6px 0 0 18px;\">\r\n          <li>Routing-Drehscheibe f\u00fcr die Schweizer Erbschafts-, Verm\u00f6gens- und Immobiliensteuer<\/li>\r\n          <li>Direkte Links zu speziellen Serviceseiten<\/li>\r\n          <li>Zugang zu unserem technischen Leitfaden<\/li>\r\n        <\/ul>\r\n      <\/div>\r\n    <\/div>\r\n\r\n    <nav aria-label=\"Auf dieser Seite\" style=\"border:1px solid #cbd5e1;border-radius:10px;padding:10px;\">\r\n      <strong style=\"display:block;margin-bottom:6px;\">Auf dieser Seite<\/strong>\r\n      <ol style=\"padding-left:18px;margin:0;\">\r\n        <li><a href=\"#services\">Servicebereiche<\/a><\/li>\r\n        <li><a href=\"#contact-cta\">Sprechen Sie mit einem Spezialisten<\/a><\/li>\r\n      <\/ol>\r\n    <\/nav>\r\n  <\/aside>\r\n\r\n  <!-- RIGHT \/ MAIN -->\r\n  <main>\r\n    <!-- ===== SERVICE AREAS ===== -->\r\n    <section id=\"services\">\r\n      <h2>Schweizer Erbschafts-, Verm\u00f6gens- und Objektsteuerdienstleistungen<\/h2>\r\n      <p>\r\n        Wir unterteilen die Schweizer Privatsteuerarbeit in drei Dienstleistungsbereiche. W\u00e4hlen Sie unten den entsprechenden Bereich\r\n        um den Umfang, die Pauschalangebote und die kantonsspezifische Abdeckung zu sehen.\r\n      <\/p>\r\n      <ul style=\"margin:0 0 12px 18px;\">\r\n        <li>\r\n          <strong><a href=\"\/de\/schweizer-erbschafts-und-vermogenssteuerdienst\/schweizer-erbschaftssteuer-service\/\">Schweizer Erbschaftssteuer-Service<\/a><\/strong><br>\r\n          Unterst\u00fctzung bei der Erbschafts- und Schenkungssteuer auf Kantonsebene - von der Schwellenwert- und Freibetragsanalyse bis hin zur Einreichung,\r\n          Zahlungen und Kommunikation mit den Steuerbeh\u00f6rden.\r\n        <\/li>\r\n        <li style=\"margin-top:8px;\">\r\n          <strong><a href=\"\/de\/schweizer-erbschafts-und-vermogenssteuerdienst\/swiss-wealth-tax-service\/\">Schweizer Verm\u00f6genssteuerberatung<\/a><\/strong><br>\r\n          J\u00e4hrliche Verm\u00f6genssteuerplanung und Compliance f\u00fcr Personen mit bedeutenden Schweizer Verm\u00f6genswerten, Wertschriftenportfolios\r\n          Wertschriftenportfolios oder multikantonalen Situationen.\r\n        <\/li>\r\n        <li style=\"margin-top:8px;\">\r\n          <strong><a href=\"\/de\/schweizer-erbschafts-und-vermogenssteuerdienst\/swiss-property-tax-service\/\">Schweizer Objektsteuer Service<\/a><\/strong><br>\r\n          Unterst\u00fctzung bei der Besteuerung von Liegenschaften, einschliesslich der kantonalen Objektsteueraspekte und des Zusammenspiels\n          mit der Erbschafts- und Verm\u00f6genssteuer.\r\n        <\/li>\r\n      <\/ul>\r\n\r\n      <p style=\"margin-top:10px;\">\r\n        Technische Hintergr\u00fcnde, Fallstudien und Planungsthemen finden Sie in unserer\r\n        <a href=\"https:\/\/taxrep.us\/de\/steuer_guide\/leitfaden-zur-schweizer-erbschafts-und-vermogenssteuer\/\" target=\"_blank\" rel=\"noopener\">\r\n          Leitfaden zur Schweizer Erbschafts-, Verm\u00f6gens- und Objektsteuer\r\n        <\/a>.\r\n      <\/p>\r\n    <\/section>\r\n\r\n    <!-- ===== CONTACT CTA ===== -->\r\n    <section id=\"contact-cta\" style=\"margin-top:16px;\">\r\n      <h2>Sprechen Sie mit einem Schweizer Spezialisten f\u00fcr Privatsteuern<\/h2>\r\n      <p>\r\n        Wenn Sie sich nicht sicher sind, welche Service-Linie zu Ihrer Situation passt, k\u00f6nnen wir dies in einem kostenfreien\r\n        20-min\u00fctigen Gespr\u00e4ch kl\u00e4ren und Sie auf das richtige Paket hinweisen.\r\n      <\/p>\r\n      <a href=\"\/de\/kontakt\/\" style=\"display:inline-block;background:#0b5d4b;color:#fff;text-decoration:none;border-radius:10px;padding:10px 14px;\">Buchen Sie Ihre kostenlose Beratung<\/a>\r\n    <\/section>\r\n  <\/main>\r\n<\/div>\r\n\t\t\t\t<\/div>\n\t\t\t\t<\/div>\n\t\t\t\t<div class=\"elementor-element elementor-element-563a042 elementor-widget-divider--view-line elementor-widget elementor-widget-divider\" data-id=\"563a042\" data-element_type=\"widget\" data-widget_type=\"divider.default\">\n\t\t\t\t<div class=\"elementor-widget-container\">\n\t\t\t\t\t\t\t<div class=\"elementor-divider\">\n\t\t\t<span class=\"elementor-divider-separator\">\n\t\t\t\t\t\t<\/span>\n\t\t<\/div>\n\t\t\t\t\t\t<\/div>\n\t\t\t\t<\/div>\n\t\t\t\t\t<\/div>\n\t\t<\/div>\n\t\t\t\t\t<\/div>\n\t\t<\/section>\n\t\t\t\t<section class=\"elementor-section elementor-top-section elementor-element elementor-element-8fb33ff elementor-section-boxed elementor-section-height-default elementor-section-height-default\" data-id=\"8fb33ff\" data-element_type=\"section\">\n\t\t\t\t\t\t<div class=\"elementor-container elementor-column-gap-default\">\n\t\t\t\t\t<div class=\"elementor-column elementor-col-100 elementor-top-column elementor-element elementor-element-ce3a1a6\" data-id=\"ce3a1a6\" data-element_type=\"column\">\n\t\t\t<div class=\"elementor-widget-wrap elementor-element-populated\">\n\t\t\t\t\t\t<div class=\"elementor-element elementor-element-0c029a9 elementor-widget elementor-widget-html\" data-id=\"0c029a9\" data-element_type=\"widget\" data-widget_type=\"html.default\">\n\t\t\t\t<div class=\"elementor-widget-container\">\n\t\t\t\t\t<p><style>\r\n    :root{\r\n      --bg:#ffffff;\r\n      --text:#1f2937;           \/* slate-800 *\/\r\n      --muted:#6b7280;          \/* slate-500 *\/\r\n    \r\n      --border:#e5e7eb;         \/* slate-200 *\/\r\n      --thead:#f8fafc;          \/* slate-50 *\/\r\n      --row:#ffffff;\r\n      --row-alt:#f9fafb;        \/* slate-50 *\/\r\n      --shadow:0 8px 20px rgba(17,24,39,.08);\r\n      --radius:14px;\r\n    }\r\n    html,body{margin:0;background:var(--bg);color:var(--text);font:16px\/1.6 system-ui,-apple-system,Segoe UI,Roboto,Helvetica,Arial,\"Apple Color Emoji\",\"Segoe UI Emoji\";}\r\n    .wrap{max-width:1000px;margin:auto;padding:32px 18px 64px;}\r\n    h1{font-size:2.0rem;line-height:1.2;margin:0 0 18px;}\r\n    h2{font-size:1.25rem;margin:28px 0 8px;}\r\n    p{margin:10px 0;color:var(--text);}\r\n    .lede{color:var(--muted);font-size:1.05rem;margin-bottom:22px}\r\n    .card{background:#fff;border:1px solid var(--border);border-radius:var(--radius);padding:22px;box-shadow:var(--shadow);margin:16px 0;}\r\n    .summary-grid{display:grid;grid-template-columns:1fr 2fr;gap:8px 16px}\r\n    .summary-grid strong{color:#111827}\r\n    \/* Table *\/\r\n    .table-wrap{margin-top:12px;border:1px solid var(--border);border-radius:var(--radius);box-shadow:var(--shadow);overflow:hidden;background:#fff}\r\n    .table-scroller{overflow:auto}\r\n    table{border-collapse:separate;border-spacing:0;width:100%;min-width:720px}\r\n    thead th{position:sticky;top:0;background:var(--thead);text-align:left;font-weight:700;color:#0f172a;border-bottom:1px solid var(--border);padding:14px 16px}\r\n    tbody td{padding:12px 16px;border-bottom:1px solid var(--border)}\r\n    tbody tr:nth-child(odd){background:var(--row)}\r\n    tbody tr:nth-child(even){background:var(--row-alt)}\r\n    tbody tr:hover{background:#eef6ff}\r\n    .note{font-size:.92rem;color:var(--muted);margin-top:10px}\r\n    a{color:var(--accent);text-decoration:none}\r\n    a:hover{text-decoration:underline}\r\n    @media (max-width:640px){\r\n      .summary-grid{grid-template-columns:1fr}\r\n      h1{font-size:1.6rem}\r\n    }\r\n  <\/style>\t\t\t\t<\/div>\n\t\t\t\t<\/div>\n\t\t\t\t\t<\/div>\n\t\t<\/div>\n\t\t\t\t\t<\/div>\n\t\t<\/section>\n\t\t\t\t<\/div>","protected":false},"excerpt":{"rendered":"<p>Swiss Inheritance, Wealth and Property Tax Service Inheritance Tax Service Wealth Tax Service Property Tax Service Technical Guide Swiss Inheritance, Wealth &#038; Property Tax \u2013 Service Overview This page routes you to our dedicated Swiss inheritance, wealth and property tax service lines. Use the links below to select the relevant service or explore our technical [&hellip;]<\/p>","protected":false},"author":2,"featured_media":0,"parent":0,"menu_order":5,"comment_status":"closed","ping_status":"closed","template":"","meta":{"_acf_changed":false,"om_disable_all_campaigns":false,"_monsterinsights_skip_tracking":false,"_monsterinsights_sitenote_active":false,"_monsterinsights_sitenote_note":"","_monsterinsights_sitenote_category":0,"footnotes":""},"class_list":["post-4257","page","type-page","status-publish","hentry"],"acf":[],"yoast_head":"<!-- This site is optimized with the Yoast SEO Premium plugin v26.6 (Yoast SEO v26.8) - https:\/\/yoast.com\/product\/yoast-seo-premium-wordpress\/ -->\n<title>Swiss Inheritance, Wealth &amp; Property Tax Service Overview<\/title>\n<meta name=\"description\" content=\"Explore our Swiss Inheritance, Wealth &amp; Property tax Service for dedicated support and expert guidance on tax matters.\" \/>\n<meta name=\"robots\" content=\"index, follow, max-snippet:-1, max-image-preview:large, max-video-preview:-1\" \/>\n<link rel=\"canonical\" href=\"https:\/\/taxrep.us\/de\/schweizer-erbschafts-und-vermogenssteuerdienst\/\" \/>\n<meta property=\"og:locale\" content=\"de_DE\" \/>\n<meta property=\"og:type\" content=\"article\" \/>\n<meta property=\"og:title\" content=\"Swiss Inheritance, Wealth and Property tax Service\" \/>\n<meta property=\"og:description\" content=\"Explore our Swiss Inheritance, Wealth &amp; Property tax Service for dedicated support and expert guidance on tax matters.\" \/>\n<meta property=\"og:url\" content=\"https:\/\/taxrep.us\/de\/schweizer-erbschafts-und-vermogenssteuerdienst\/\" \/>\n<meta property=\"og:site_name\" content=\"TaxRep\" \/>\n<meta property=\"article:modified_time\" content=\"2025-12-08T11:34:02+00:00\" \/>\n<meta property=\"og:image\" content=\"https:\/\/taxrep.us\/wp-content\/uploads\/2025\/09\/Swiss-Inheritance-Welth-and-Property-Tax-Service.png\" \/>\n<meta name=\"twitter:card\" content=\"summary_large_image\" \/>\n<meta name=\"twitter:label1\" content=\"Gesch\u00e4tzte Lesezeit\" \/>\n\t<meta name=\"twitter:data1\" content=\"2\u00a0Minuten\" \/>\n<script type=\"application\/ld+json\" class=\"yoast-schema-graph\">{\"@context\":\"https:\/\/schema.org\",\"@graph\":[{\"@type\":\"WebPage\",\"@id\":\"https:\/\/taxrep.us\/swiss-inheritance-wealth-and-property-tax-service\/\",\"url\":\"https:\/\/taxrep.us\/swiss-inheritance-wealth-and-property-tax-service\/\",\"name\":\"Swiss Inheritance, Wealth & Property Tax Service Overview\",\"isPartOf\":{\"@id\":\"https:\/\/taxrep.us\/#website\"},\"primaryImageOfPage\":{\"@id\":\"https:\/\/taxrep.us\/swiss-inheritance-wealth-and-property-tax-service\/#primaryimage\"},\"image\":{\"@id\":\"https:\/\/taxrep.us\/swiss-inheritance-wealth-and-property-tax-service\/#primaryimage\"},\"thumbnailUrl\":\"https:\/\/taxrep.us\/wp-content\/uploads\/2025\/09\/Swiss-Inheritance-Welth-and-Property-Tax-Service.png\",\"datePublished\":\"2025-09-22T15:50:21+00:00\",\"dateModified\":\"2025-12-08T11:34:02+00:00\",\"description\":\"Explore our Swiss Inheritance, Wealth & Property tax Service for dedicated support and expert guidance on tax matters.\",\"breadcrumb\":{\"@id\":\"https:\/\/taxrep.us\/swiss-inheritance-wealth-and-property-tax-service\/#breadcrumb\"},\"inLanguage\":\"de\",\"potentialAction\":[{\"@type\":\"ReadAction\",\"target\":[\"https:\/\/taxrep.us\/swiss-inheritance-wealth-and-property-tax-service\/\"]}]},{\"@type\":\"ImageObject\",\"inLanguage\":\"de\",\"@id\":\"https:\/\/taxrep.us\/swiss-inheritance-wealth-and-property-tax-service\/#primaryimage\",\"url\":\"https:\/\/taxrep.us\/wp-content\/uploads\/2025\/09\/Swiss-Inheritance-Welth-and-Property-Tax-Service.png\",\"contentUrl\":\"https:\/\/taxrep.us\/wp-content\/uploads\/2025\/09\/Swiss-Inheritance-Welth-and-Property-Tax-Service.png\"},{\"@type\":\"BreadcrumbList\",\"@id\":\"https:\/\/taxrep.us\/swiss-inheritance-wealth-and-property-tax-service\/#breadcrumb\",\"itemListElement\":[{\"@type\":\"ListItem\",\"position\":1,\"name\":\"Home\",\"item\":\"https:\/\/taxrep.us\/\"},{\"@type\":\"ListItem\",\"position\":2,\"name\":\"Swiss Inheritance, Wealth and Property tax Service\"}]},{\"@type\":\"WebSite\",\"@id\":\"https:\/\/taxrep.us\/#website\",\"url\":\"https:\/\/taxrep.us\/\",\"name\":\"TaxRep\",\"description\":\"Tax Services\",\"publisher\":{\"@id\":\"https:\/\/taxrep.us\/#organization\"},\"potentialAction\":[{\"@type\":\"SearchAction\",\"target\":{\"@type\":\"EntryPoint\",\"urlTemplate\":\"https:\/\/taxrep.us\/?s={search_term_string}\"},\"query-input\":{\"@type\":\"PropertyValueSpecification\",\"valueRequired\":true,\"valueName\":\"search_term_string\"}}],\"inLanguage\":\"de\"},{\"@type\":\"Organization\",\"@id\":\"https:\/\/taxrep.us\/#organization\",\"name\":\"Sesch USA LLC\",\"url\":\"https:\/\/taxrep.us\/\",\"logo\":{\"@type\":\"ImageObject\",\"inLanguage\":\"de\",\"@id\":\"https:\/\/taxrep.us\/#\/schema\/logo\/image\/\",\"url\":\"https:\/\/taxrep.us\/wp-content\/uploads\/2023\/09\/TaxRep-Logo-scaled.jpg\",\"contentUrl\":\"https:\/\/taxrep.us\/wp-content\/uploads\/2023\/09\/TaxRep-Logo-scaled.jpg\",\"width\":2560,\"height\":708,\"caption\":\"Sesch USA LLC\"},\"image\":{\"@id\":\"https:\/\/taxrep.us\/#\/schema\/logo\/image\/\"}}]}<\/script>\n<!-- \/ Yoast SEO Premium plugin. -->","yoast_head_json":{"title":"\u00dcbersicht der Schweizer Erbschafts-, Verm\u00f6gens- und Grundsteuer-Dienstleistungen","description":"Entdecken Sie unseren Swiss Inheritance, Wealth &amp; Property Tax Service f\u00fcr engagierte Unterst\u00fctzung und kompetente Beratung in Steuerfragen.","robots":{"index":"index","follow":"follow","max-snippet":"max-snippet:-1","max-image-preview":"max-image-preview:large","max-video-preview":"max-video-preview:-1"},"canonical":"https:\/\/taxrep.us\/de\/schweizer-erbschafts-und-vermogenssteuerdienst\/","og_locale":"de_DE","og_type":"article","og_title":"Swiss Inheritance, Wealth and Property tax Service","og_description":"Explore our Swiss Inheritance, Wealth & Property tax Service for dedicated support and expert guidance on tax matters.","og_url":"https:\/\/taxrep.us\/de\/schweizer-erbschafts-und-vermogenssteuerdienst\/","og_site_name":"TaxRep","article_modified_time":"2025-12-08T11:34:02+00:00","og_image":[{"url":"https:\/\/taxrep.us\/wp-content\/uploads\/2025\/09\/Swiss-Inheritance-Welth-and-Property-Tax-Service.png","type":"","width":"","height":""}],"twitter_card":"summary_large_image","twitter_misc":{"Gesch\u00e4tzte Lesezeit":"2\u00a0Minuten"},"schema":{"@context":"https:\/\/schema.org","@graph":[{"@type":"WebPage","@id":"https:\/\/taxrep.us\/swiss-inheritance-wealth-and-property-tax-service\/","url":"https:\/\/taxrep.us\/swiss-inheritance-wealth-and-property-tax-service\/","name":"\u00dcbersicht der Schweizer Erbschafts-, Verm\u00f6gens- und Grundsteuer-Dienstleistungen","isPartOf":{"@id":"https:\/\/taxrep.us\/#website"},"primaryImageOfPage":{"@id":"https:\/\/taxrep.us\/swiss-inheritance-wealth-and-property-tax-service\/#primaryimage"},"image":{"@id":"https:\/\/taxrep.us\/swiss-inheritance-wealth-and-property-tax-service\/#primaryimage"},"thumbnailUrl":"https:\/\/taxrep.us\/wp-content\/uploads\/2025\/09\/Swiss-Inheritance-Welth-and-Property-Tax-Service.png","datePublished":"2025-09-22T15:50:21+00:00","dateModified":"2025-12-08T11:34:02+00:00","description":"Entdecken Sie unseren Swiss Inheritance, Wealth &amp; Property Tax Service f\u00fcr engagierte Unterst\u00fctzung und kompetente Beratung in Steuerfragen.","breadcrumb":{"@id":"https:\/\/taxrep.us\/swiss-inheritance-wealth-and-property-tax-service\/#breadcrumb"},"inLanguage":"de","potentialAction":[{"@type":"ReadAction","target":["https:\/\/taxrep.us\/swiss-inheritance-wealth-and-property-tax-service\/"]}]},{"@type":"ImageObject","inLanguage":"de","@id":"https:\/\/taxrep.us\/swiss-inheritance-wealth-and-property-tax-service\/#primaryimage","url":"https:\/\/taxrep.us\/wp-content\/uploads\/2025\/09\/Swiss-Inheritance-Welth-and-Property-Tax-Service.png","contentUrl":"https:\/\/taxrep.us\/wp-content\/uploads\/2025\/09\/Swiss-Inheritance-Welth-and-Property-Tax-Service.png"},{"@type":"BreadcrumbList","@id":"https:\/\/taxrep.us\/swiss-inheritance-wealth-and-property-tax-service\/#breadcrumb","itemListElement":[{"@type":"ListItem","position":1,"name":"Home","item":"https:\/\/taxrep.us\/"},{"@type":"ListItem","position":2,"name":"Swiss Inheritance, Wealth and Property tax Service"}]},{"@type":"WebSite","@id":"https:\/\/taxrep.us\/#website","url":"https:\/\/taxrep.us\/","name":"TaxRep","description":"Steuerliche Dienstleistungen","publisher":{"@id":"https:\/\/taxrep.us\/#organization"},"potentialAction":[{"@type":"SearchAction","target":{"@type":"EntryPoint","urlTemplate":"https:\/\/taxrep.us\/?s={search_term_string}"},"query-input":{"@type":"PropertyValueSpecification","valueRequired":true,"valueName":"search_term_string"}}],"inLanguage":"de"},{"@type":"Organization","@id":"https:\/\/taxrep.us\/#organization","name":"Sesch USA LLC","url":"https:\/\/taxrep.us\/","logo":{"@type":"ImageObject","inLanguage":"de","@id":"https:\/\/taxrep.us\/#\/schema\/logo\/image\/","url":"https:\/\/taxrep.us\/wp-content\/uploads\/2023\/09\/TaxRep-Logo-scaled.jpg","contentUrl":"https:\/\/taxrep.us\/wp-content\/uploads\/2023\/09\/TaxRep-Logo-scaled.jpg","width":2560,"height":708,"caption":"Sesch USA LLC"},"image":{"@id":"https:\/\/taxrep.us\/#\/schema\/logo\/image\/"}}]}},"_links":{"self":[{"href":"https:\/\/taxrep.us\/de\/wp-json\/wp\/v2\/pages\/4257","targetHints":{"allow":["GET"]}}],"collection":[{"href":"https:\/\/taxrep.us\/de\/wp-json\/wp\/v2\/pages"}],"about":[{"href":"https:\/\/taxrep.us\/de\/wp-json\/wp\/v2\/types\/page"}],"author":[{"embeddable":true,"href":"https:\/\/taxrep.us\/de\/wp-json\/wp\/v2\/users\/2"}],"replies":[{"embeddable":true,"href":"https:\/\/taxrep.us\/de\/wp-json\/wp\/v2\/comments?post=4257"}],"version-history":[{"count":10,"href":"https:\/\/taxrep.us\/de\/wp-json\/wp\/v2\/pages\/4257\/revisions"}],"predecessor-version":[{"id":9740,"href":"https:\/\/taxrep.us\/de\/wp-json\/wp\/v2\/pages\/4257\/revisions\/9740"}],"wp:attachment":[{"href":"https:\/\/taxrep.us\/de\/wp-json\/wp\/v2\/media?parent=4257"}],"curies":[{"name":"wp","href":"https:\/\/api.w.org\/{rel}","templated":true}]}}