{"id":6802,"date":"2025-10-31T17:08:22","date_gmt":"2025-10-31T17:08:22","guid":{"rendered":"https:\/\/taxrep.us\/?page_id=6802"},"modified":"2025-11-17T06:57:38","modified_gmt":"2025-11-17T06:57:38","slug":"mabv-prufung","status":"publish","type":"page","link":"https:\/\/taxrep.us\/de\/pruferische-durchsicht\/mabv-prufung\/","title":{"rendered":"MaBV-Audit"},"content":{"rendered":"<div data-elementor-type=\"wp-page\" data-elementor-id=\"6802\" class=\"elementor elementor-6802\">\n\t\t\t\t\t\t<section class=\"elementor-section elementor-top-section elementor-element elementor-element-38d51b0 elementor-section-boxed elementor-section-height-default elementor-section-height-default\" data-id=\"38d51b0\" data-element_type=\"section\">\n\t\t\t\t\t\t\t<div class=\"elementor-background-overlay\"><\/div>\n\t\t\t\t\t\t\t<div class=\"elementor-container elementor-column-gap-default\">\n\t\t\t\t\t<div class=\"elementor-column elementor-col-100 elementor-top-column elementor-element elementor-element-755461f\" data-id=\"755461f\" data-element_type=\"column\">\n\t\t\t<div class=\"elementor-widget-wrap elementor-element-populated\">\n\t\t\t\t\t\t<div class=\"elementor-element elementor-element-63a9b26 elementor-widget elementor-widget-heading\" data-id=\"63a9b26\" data-element_type=\"widget\" data-widget_type=\"heading.default\">\n\t\t\t\t<div class=\"elementor-widget-container\">\n\t\t\t\t\t<h1 class=\"elementor-heading-title elementor-size-default\">MaBV-Audit in Deutschland\n<\/h1>\t\t\t\t<\/div>\n\t\t\t\t<\/div>\n\t\t\t\t<div class=\"elementor-element elementor-element-6fbf991 elementor-widget-divider--view-line elementor-widget elementor-widget-divider\" data-id=\"6fbf991\" data-element_type=\"widget\" data-widget_type=\"divider.default\">\n\t\t\t\t<div class=\"elementor-widget-container\">\n\t\t\t\t\t\t\t<div class=\"elementor-divider\">\n\t\t\t<span class=\"elementor-divider-separator\">\n\t\t\t\t\t\t<\/span>\n\t\t<\/div>\n\t\t\t\t\t\t<\/div>\n\t\t\t\t<\/div>\n\t\t\t\t<div class=\"elementor-element elementor-element-e25974f elementor-widget elementor-widget-html\" data-id=\"e25974f\" data-element_type=\"widget\" data-widget_type=\"html.default\">\n\t\t\t\t<div class=\"elementor-widget-container\">\n\t\t\t\t\t<section>\r\n  <h2>MaBV-Pr\u00fcfungsdienstleistung der Sesch Group GmbH WPG<\/h2>\r\n\r\n  <p>\r\n    Unter <strong>Sesch Group GmbH WPG<\/strong>, erkennen wir die wachsende Bedeutung von Compliance und Transparenz\r\n    in der Immobilien- und Hausverwaltungsbranche. Aus diesem Grund bieten wir eine spezielle \r\n    <strong>MaBV-Pr\u00fcfungsdienst (\u201cMaBV Pr\u00fcfung\u201d)<\/strong> zur Unterst\u00fctzung der Unternehmen, die der\r\n    Makler- und Bautr\u00e4gerverordnung (MaBV) unterliegenden Unternehmen bei der Erf\u00fcllung ihrer aufsichtsrechtlichen Pflichten zu unterst\u00fctzen.\r\n  <\/p>\r\n\r\n  <h3>Warum sollten Sie sich f\u00fcr unsere MaBV-Audit-Dienstleistung entscheiden?<\/h3>\r\n  <ul>\r\n    <li>\r\n      Wir sind auf regulierte Branchen wie die Immobilienentwicklung und -verwaltung spezialisiert.\r\n    <\/li>\r\n    <li>\r\n      Wir f\u00fchren gesetzliche Pr\u00fcfungen und Ordnungsm\u00e4\u00dfigkeitspr\u00fcfungen nach den deutschen Pr\u00fcfungsstandards durch,\r\n      zugeschnitten auf die Anforderungen der MaBV und verwandter Vorschriften.\r\n    <\/li>\r\n    <li>\r\n      Unser Team besteht aus erfahrenen Wirtschaftspr\u00fcfern, Steuerberatern und Spezialisten, die mit der\r\n      Immobiliensektor vertraut sind - das erm\u00f6glicht effiziente Arbeitsabl\u00e4ufe und praktische Beratung.\r\n    <\/li>\r\n    <li>\r\n      Mit unserer Pr\u00fcfung weisen Sie nicht nur die Einhaltung der Vorschriften nach, sondern erhalten auch Einblicke in interne\r\n      Kontrollen, Risikomanagement und bew\u00e4hrte Verfahren f\u00fcr ein nachhaltiges Wachstum Ihres Immobilienbetriebs.\r\n    <\/li>\r\n  <\/ul>\r\n\r\n  <h3>Was Sie von unserem MaBV-Pr\u00fcfungsverfahren erwarten k\u00f6nnen<\/h3>\r\n  <ol>\r\n    <li>\r\n      Ein Scopinggespr\u00e4ch zum Verst\u00e4ndnis Ihres Gesch\u00e4ftsmodells, der geltenden MaBV-Anforderungen und besonderer Risikobereiche.\r\n    <\/li>\r\n    <li>\r\n      Auf die MaBV-Pflichten (z.B. Rechnungslegung, Kundengelder, Treuhandverwaltung, Offenlegung) zugeschnittene inhaltliche und kontrollbasierte Pr\u00fcfungshandlungen.\r\n    <\/li>\r\n    <li>\r\n      Ein klarer Auditbericht, der alle Feststellungen sowie Empfehlungen f\u00fcr Verbesserungen und die weitere Einhaltung der Vorschriften enth\u00e4lt.\r\n    <\/li>\r\n    <li>\r\n      Unterst\u00fctzung bei der Nachbereitung von Audits und Beratung bei der Verbesserung Ihrer Prozesse, Dokumentation und internen Governance.\r\n    <\/li>\r\n  <\/ol>\r\n\r\n  <p>\r\n    Ob Sie als Immobilienverwalter, Bautr\u00e4ger oder Makler der MaBV unterliegen, unser Ziel ist es, den Pr\u00fcfungsstress zu minimieren\r\n    Pr\u00fcfungsstress zu minimieren und den Wert zu maximieren. Wir helfen Ihnen, die gesetzlichen Anforderungen zuverl\u00e4ssig zu erf\u00fcllen und von einer verbesserten\r\n    operativer Klarheit und Kontrolle.\r\n  <\/p>\r\n\r\n  <p>\r\n    Weitere Informationen \u00fcber unseren MaBV-Pr\u00fcfungsservice finden Sie auf unserer Website:\r\n    <a href=\"https:\/\/mabvpr\u00fcfung.de\" target=\"_blank\" rel=\"noopener noreferrer\">mabvpr\u00fcfung.de<\/a>.\r\n  <\/p>\r\n<\/section>\r\n\t\t\t\t<\/div>\n\t\t\t\t<\/div>\n\t\t\t\t<div class=\"elementor-element elementor-element-5771fd7 elementor-widget-divider--view-line elementor-widget elementor-widget-divider\" data-id=\"5771fd7\" data-element_type=\"widget\" data-widget_type=\"divider.default\">\n\t\t\t\t<div class=\"elementor-widget-container\">\n\t\t\t\t\t\t\t<div class=\"elementor-divider\">\n\t\t\t<span class=\"elementor-divider-separator\">\n\t\t\t\t\t\t<\/span>\n\t\t<\/div>\n\t\t\t\t\t\t<\/div>\n\t\t\t\t<\/div>\n\t\t\t\t\t<\/div>\n\t\t<\/div>\n\t\t\t\t\t<\/div>\n\t\t<\/section>\n\t\t\t\t<section class=\"elementor-section elementor-top-section elementor-element elementor-element-397b067 elementor-section-boxed elementor-section-height-default elementor-section-height-default\" data-id=\"397b067\" data-element_type=\"section\">\n\t\t\t\t\t\t<div class=\"elementor-container elementor-column-gap-default\">\n\t\t\t\t\t<div class=\"elementor-column elementor-col-100 elementor-top-column elementor-element elementor-element-2d71916\" data-id=\"2d71916\" data-element_type=\"column\">\n\t\t\t<div class=\"elementor-widget-wrap elementor-element-populated\">\n\t\t\t\t\t\t<div class=\"elementor-element elementor-element-0a01d63 elementor-widget elementor-widget-html\" data-id=\"0a01d63\" data-element_type=\"widget\" data-widget_type=\"html.default\">\n\t\t\t\t<div class=\"elementor-widget-container\">\n\t\t\t\t\t<p><style>\r\n    :root{\r\n      --bg:#ffffff;\r\n      --text:#1f2937;           \/* slate-800 *\/\r\n      --muted:#6b7280;          \/* slate-500 *\/\r\n    \r\n      --border:#e5e7eb;         \/* slate-200 *\/\r\n      --thead:#f8fafc;          \/* slate-50 *\/\r\n      --row:#ffffff;\r\n      --row-alt:#f9fafb;        \/* slate-50 *\/\r\n      --shadow:0 8px 20px rgba(17,24,39,.08);\r\n      --radius:14px;\r\n    }\r\n    html,body{margin:0;background:var(--bg);color:var(--text);font:16px\/1.6 system-ui,-apple-system,Segoe UI,Roboto,Helvetica,Arial,\"Apple Color Emoji\",\"Segoe UI Emoji\";}\r\n    .wrap{max-width:1000px;margin:auto;padding:32px 18px 64px;}\r\n    h1{font-size:2.0rem;line-height:1.2;margin:0 0 18px;}\r\n    h2{font-size:1.25rem;margin:28px 0 8px;}\r\n    p{margin:10px 0;color:var(--text);}\r\n    .lede{color:var(--muted);font-size:1.05rem;margin-bottom:22px}\r\n    .card{background:#fff;border:1px solid var(--border);border-radius:var(--radius);padding:22px;box-shadow:var(--shadow);margin:16px 0;}\r\n    .summary-grid{display:grid;grid-template-columns:1fr 2fr;gap:8px 16px}\r\n    .summary-grid strong{color:#111827}\r\n    \/* Table *\/\r\n    .table-wrap{margin-top:12px;border:1px solid var(--border);border-radius:var(--radius);box-shadow:var(--shadow);overflow:hidden;background:#fff}\r\n    .table-scroller{overflow:auto}\r\n    table{border-collapse:separate;border-spacing:0;width:100%;min-width:720px}\r\n    thead th{position:sticky;top:0;background:var(--thead);text-align:left;font-weight:700;color:#0f172a;border-bottom:1px solid var(--border);padding:14px 16px}\r\n    tbody td{padding:12px 16px;border-bottom:1px solid var(--border)}\r\n    tbody tr:nth-child(odd){background:var(--row)}\r\n    tbody tr:nth-child(even){background:var(--row-alt)}\r\n    tbody tr:hover{background:#eef6ff}\r\n    .note{font-size:.92rem;color:var(--muted);margin-top:10px}\r\n    a{color:var(--accent);text-decoration:none}\r\n    a:hover{text-decoration:underline}\r\n    @media (max-width:640px){\r\n      .summary-grid{grid-template-columns:1fr}\r\n      h1{font-size:1.6rem}\r\n    }\r\n  <\/style>\t\t\t\t<\/div>\n\t\t\t\t<\/div>\n\t\t\t\t\t<\/div>\n\t\t<\/div>\n\t\t\t\t\t<\/div>\n\t\t<\/section>\n\t\t\t\t<\/div>","protected":false},"excerpt":{"rendered":"<p>MaBV Audit in Germany MaBV Audit Service by Sesch Group GmbH WPG At Sesch Group GmbH WPG, we recognise the growing importance of compliance and transparency within the real estate and property management sectors. That is why we offer a dedicated MaBV audit service (\u201cMaBV Pr\u00fcfung\u201d) designed to help companies subject to the Makler- und [&hellip;]<\/p>","protected":false},"author":2,"featured_media":0,"parent":6796,"menu_order":5,"comment_status":"closed","ping_status":"closed","template":"","meta":{"_acf_changed":false,"om_disable_all_campaigns":false,"_monsterinsights_skip_tracking":false,"_monsterinsights_sitenote_active":false,"_monsterinsights_sitenote_note":"","_monsterinsights_sitenote_category":0,"footnotes":""},"class_list":["post-6802","page","type-page","status-publish","hentry"],"acf":[],"yoast_head":"<!-- This site is optimized with the Yoast SEO Premium plugin v26.6 (Yoast SEO v26.8) - https:\/\/yoast.com\/product\/yoast-seo-premium-wordpress\/ -->\n<title>MaBV Audit Review Services for Developers in Germany<\/title>\n<meta name=\"description\" content=\"Professional MaBV audit review for real estate developers. Ensure full compliance, accurate reporting, and secure MaBV documentation with expert support.\" \/>\n<meta name=\"robots\" content=\"index, follow, max-snippet:-1, max-image-preview:large, max-video-preview:-1\" \/>\n<link rel=\"canonical\" href=\"https:\/\/taxrep.us\/de\/pruferische-durchsicht\/mabv-prufung\/\" \/>\n<meta property=\"og:locale\" content=\"de_DE\" \/>\n<meta property=\"og:type\" content=\"article\" \/>\n<meta property=\"og:title\" content=\"MaBV Audit\" \/>\n<meta property=\"og:description\" content=\"Professional MaBV audit review for real estate developers. Ensure full compliance, accurate reporting, and secure MaBV documentation with expert support.\" \/>\n<meta property=\"og:url\" content=\"https:\/\/taxrep.us\/de\/pruferische-durchsicht\/mabv-prufung\/\" \/>\n<meta property=\"og:site_name\" content=\"TaxRep\" \/>\n<meta property=\"article:modified_time\" content=\"2025-11-17T06:57:38+00:00\" \/>\n<meta name=\"twitter:card\" content=\"summary_large_image\" \/>\n<meta name=\"twitter:label1\" content=\"Gesch\u00e4tzte Lesezeit\" \/>\n\t<meta name=\"twitter:data1\" content=\"2\u00a0Minuten\" \/>\n<script type=\"application\/ld+json\" class=\"yoast-schema-graph\">{\"@context\":\"https:\/\/schema.org\",\"@graph\":[{\"@type\":\"WebPage\",\"@id\":\"https:\/\/taxrep.us\/audit-review\/mabv-audit\/\",\"url\":\"https:\/\/taxrep.us\/audit-review\/mabv-audit\/\",\"name\":\"MaBV Audit Review Services for Developers in Germany\",\"isPartOf\":{\"@id\":\"https:\/\/taxrep.us\/#website\"},\"datePublished\":\"2025-10-31T17:08:22+00:00\",\"dateModified\":\"2025-11-17T06:57:38+00:00\",\"description\":\"Professional MaBV audit review for real estate developers. Ensure full compliance, accurate reporting, and secure MaBV documentation with expert support.\",\"breadcrumb\":{\"@id\":\"https:\/\/taxrep.us\/audit-review\/mabv-audit\/#breadcrumb\"},\"inLanguage\":\"de\",\"potentialAction\":[{\"@type\":\"ReadAction\",\"target\":[\"https:\/\/taxrep.us\/audit-review\/mabv-audit\/\"]}]},{\"@type\":\"BreadcrumbList\",\"@id\":\"https:\/\/taxrep.us\/audit-review\/mabv-audit\/#breadcrumb\",\"itemListElement\":[{\"@type\":\"ListItem\",\"position\":1,\"name\":\"Home\",\"item\":\"https:\/\/taxrep.us\/\"},{\"@type\":\"ListItem\",\"position\":2,\"name\":\"Audit &#038; Review\",\"item\":\"https:\/\/taxrep.us\/audit-review\/\"},{\"@type\":\"ListItem\",\"position\":3,\"name\":\"MaBV Audit\"}]},{\"@type\":\"WebSite\",\"@id\":\"https:\/\/taxrep.us\/#website\",\"url\":\"https:\/\/taxrep.us\/\",\"name\":\"TaxRep\",\"description\":\"Tax Services\",\"publisher\":{\"@id\":\"https:\/\/taxrep.us\/#organization\"},\"potentialAction\":[{\"@type\":\"SearchAction\",\"target\":{\"@type\":\"EntryPoint\",\"urlTemplate\":\"https:\/\/taxrep.us\/?s={search_term_string}\"},\"query-input\":{\"@type\":\"PropertyValueSpecification\",\"valueRequired\":true,\"valueName\":\"search_term_string\"}}],\"inLanguage\":\"de\"},{\"@type\":\"Organization\",\"@id\":\"https:\/\/taxrep.us\/#organization\",\"name\":\"Sesch USA LLC\",\"url\":\"https:\/\/taxrep.us\/\",\"logo\":{\"@type\":\"ImageObject\",\"inLanguage\":\"de\",\"@id\":\"https:\/\/taxrep.us\/#\/schema\/logo\/image\/\",\"url\":\"https:\/\/taxrep.us\/wp-content\/uploads\/2023\/09\/TaxRep-Logo-scaled.jpg\",\"contentUrl\":\"https:\/\/taxrep.us\/wp-content\/uploads\/2023\/09\/TaxRep-Logo-scaled.jpg\",\"width\":2560,\"height\":708,\"caption\":\"Sesch USA LLC\"},\"image\":{\"@id\":\"https:\/\/taxrep.us\/#\/schema\/logo\/image\/\"}}]}<\/script>\n<!-- \/ Yoast SEO Premium plugin. -->","yoast_head_json":{"title":"MaBV-Pr\u00fcfungsleistungen f\u00fcr Bauherren in Deutschland","description":"Professionelle MaBV-Pr\u00fcfung f\u00fcr Bautr\u00e4ger. Stellen Sie mit fachkundiger Unterst\u00fctzung die vollst\u00e4ndige Einhaltung der MaBV, eine genaue Berichterstattung und eine sichere MaBV-Dokumentation sicher.","robots":{"index":"index","follow":"follow","max-snippet":"max-snippet:-1","max-image-preview":"max-image-preview:large","max-video-preview":"max-video-preview:-1"},"canonical":"https:\/\/taxrep.us\/de\/pruferische-durchsicht\/mabv-prufung\/","og_locale":"de_DE","og_type":"article","og_title":"MaBV Audit","og_description":"Professional MaBV audit review for real estate developers. Ensure full compliance, accurate reporting, and secure MaBV documentation with expert support.","og_url":"https:\/\/taxrep.us\/de\/pruferische-durchsicht\/mabv-prufung\/","og_site_name":"TaxRep","article_modified_time":"2025-11-17T06:57:38+00:00","twitter_card":"summary_large_image","twitter_misc":{"Gesch\u00e4tzte Lesezeit":"2\u00a0Minuten"},"schema":{"@context":"https:\/\/schema.org","@graph":[{"@type":"WebPage","@id":"https:\/\/taxrep.us\/audit-review\/mabv-audit\/","url":"https:\/\/taxrep.us\/audit-review\/mabv-audit\/","name":"MaBV-Pr\u00fcfungsleistungen f\u00fcr Bauherren in Deutschland","isPartOf":{"@id":"https:\/\/taxrep.us\/#website"},"datePublished":"2025-10-31T17:08:22+00:00","dateModified":"2025-11-17T06:57:38+00:00","description":"Professionelle MaBV-Pr\u00fcfung f\u00fcr Bautr\u00e4ger. Stellen Sie mit fachkundiger Unterst\u00fctzung die vollst\u00e4ndige Einhaltung der MaBV, eine genaue Berichterstattung und eine sichere MaBV-Dokumentation sicher.","breadcrumb":{"@id":"https:\/\/taxrep.us\/audit-review\/mabv-audit\/#breadcrumb"},"inLanguage":"de","potentialAction":[{"@type":"ReadAction","target":["https:\/\/taxrep.us\/audit-review\/mabv-audit\/"]}]},{"@type":"BreadcrumbList","@id":"https:\/\/taxrep.us\/audit-review\/mabv-audit\/#breadcrumb","itemListElement":[{"@type":"ListItem","position":1,"name":"Home","item":"https:\/\/taxrep.us\/"},{"@type":"ListItem","position":2,"name":"Audit &#038; Review","item":"https:\/\/taxrep.us\/audit-review\/"},{"@type":"ListItem","position":3,"name":"MaBV Audit"}]},{"@type":"WebSite","@id":"https:\/\/taxrep.us\/#website","url":"https:\/\/taxrep.us\/","name":"TaxRep","description":"Steuerliche Dienstleistungen","publisher":{"@id":"https:\/\/taxrep.us\/#organization"},"potentialAction":[{"@type":"SearchAction","target":{"@type":"EntryPoint","urlTemplate":"https:\/\/taxrep.us\/?s={search_term_string}"},"query-input":{"@type":"PropertyValueSpecification","valueRequired":true,"valueName":"search_term_string"}}],"inLanguage":"de"},{"@type":"Organization","@id":"https:\/\/taxrep.us\/#organization","name":"Sesch USA LLC","url":"https:\/\/taxrep.us\/","logo":{"@type":"ImageObject","inLanguage":"de","@id":"https:\/\/taxrep.us\/#\/schema\/logo\/image\/","url":"https:\/\/taxrep.us\/wp-content\/uploads\/2023\/09\/TaxRep-Logo-scaled.jpg","contentUrl":"https:\/\/taxrep.us\/wp-content\/uploads\/2023\/09\/TaxRep-Logo-scaled.jpg","width":2560,"height":708,"caption":"Sesch USA LLC"},"image":{"@id":"https:\/\/taxrep.us\/#\/schema\/logo\/image\/"}}]}},"_links":{"self":[{"href":"https:\/\/taxrep.us\/de\/wp-json\/wp\/v2\/pages\/6802","targetHints":{"allow":["GET"]}}],"collection":[{"href":"https:\/\/taxrep.us\/de\/wp-json\/wp\/v2\/pages"}],"about":[{"href":"https:\/\/taxrep.us\/de\/wp-json\/wp\/v2\/types\/page"}],"author":[{"embeddable":true,"href":"https:\/\/taxrep.us\/de\/wp-json\/wp\/v2\/users\/2"}],"replies":[{"embeddable":true,"href":"https:\/\/taxrep.us\/de\/wp-json\/wp\/v2\/comments?post=6802"}],"version-history":[{"count":4,"href":"https:\/\/taxrep.us\/de\/wp-json\/wp\/v2\/pages\/6802\/revisions"}],"predecessor-version":[{"id":9857,"href":"https:\/\/taxrep.us\/de\/wp-json\/wp\/v2\/pages\/6802\/revisions\/9857"}],"up":[{"embeddable":true,"href":"https:\/\/taxrep.us\/de\/wp-json\/wp\/v2\/pages\/6796"}],"wp:attachment":[{"href":"https:\/\/taxrep.us\/de\/wp-json\/wp\/v2\/media?parent=6802"}],"curies":[{"name":"wp","href":"https:\/\/api.w.org\/{rel}","templated":true}]}}