{"id":266,"date":"2021-12-18T14:29:47","date_gmt":"2021-12-18T14:29:47","guid":{"rendered":"http:\/\/taxrep.us\/?page_id=266"},"modified":"2025-12-12T07:48:42","modified_gmt":"2025-12-12T07:48:42","slug":"services","status":"publish","type":"page","link":"https:\/\/taxrep.us\/fr\/services\/","title":{"rendered":"Services"},"content":{"rendered":"<div data-elementor-type=\"wp-page\" data-elementor-id=\"266\" class=\"elementor elementor-266\">\n\t\t\t\t\t\t<section class=\"elementor-section elementor-top-section elementor-element elementor-element-2cb015f elementor-section-boxed elementor-section-height-default elementor-section-height-default\" data-id=\"2cb015f\" data-element_type=\"section\">\n\t\t\t\t\t\t<div class=\"elementor-container elementor-column-gap-default\">\n\t\t\t\t\t<div class=\"elementor-column elementor-col-100 elementor-top-column elementor-element elementor-element-b691895\" data-id=\"b691895\" data-element_type=\"column\" data-settings=\"{&quot;background_background&quot;:&quot;classic&quot;}\">\n\t\t\t<div class=\"elementor-widget-wrap elementor-element-populated\">\n\t\t\t\t\t\t<div class=\"elementor-element elementor-element-efe28f6 elementor-widget elementor-widget-heading\" data-id=\"efe28f6\" data-element_type=\"widget\" data-widget_type=\"heading.default\">\n\t\t\t\t<div class=\"elementor-widget-container\">\n\t\t\t\t\t<h1 class=\"elementor-heading-title elementor-size-default\"><h1><b>Nos services en un coup d'\u0153il<\/b><\/h1>\n<p>\n  D\u00e9couvrez nos principales offres : <strong>Service des imp\u00f4ts des \u00c9tats-Unis<\/strong>, <strong>Service fiscal allemand<\/strong>, \n  <strong>Service fiscal suisse<\/strong>, <strong>Protection des actifs<\/strong>, \n  <strong>Consultation, \u00e9valuation et audit<\/strong>, et <strong>Comptabilit\u00e9<\/strong>.\n  Cliquez sur n'importe quel <strong>image<\/strong> pour ouvrir la page d\u00e9taill\u00e9e de ce service.\n<\/p>\n<\/h1>\t\t\t\t<\/div>\n\t\t\t\t<\/div>\n\t\t\t\t\t<\/div>\n\t\t<\/div>\n\t\t\t\t\t<\/div>\n\t\t<\/section>\n\t\t\t\t<section class=\"elementor-section elementor-top-section elementor-element elementor-element-25a4496 elementor-section-boxed elementor-section-height-default elementor-section-height-default\" data-id=\"25a4496\" data-element_type=\"section\">\n\t\t\t\t\t\t<div class=\"elementor-container elementor-column-gap-default\">\n\t\t\t\t\t<div class=\"elementor-column elementor-col-100 elementor-top-column elementor-element elementor-element-33f3a4d\" data-id=\"33f3a4d\" data-element_type=\"column\">\n\t\t\t<div class=\"elementor-widget-wrap elementor-element-populated\">\n\t\t\t\t\t\t<div class=\"elementor-element elementor-element-29e4f75 elementor-widget elementor-widget-spacer\" data-id=\"29e4f75\" data-element_type=\"widget\" data-widget_type=\"spacer.default\">\n\t\t\t\t<div class=\"elementor-widget-container\">\n\t\t\t\t\t\t\t<div class=\"elementor-spacer\">\n\t\t\t<div class=\"elementor-spacer-inner\"><\/div>\n\t\t<\/div>\n\t\t\t\t\t\t<\/div>\n\t\t\t\t<\/div>\n\t\t\t\t\t<\/div>\n\t\t<\/div>\n\t\t\t\t\t<\/div>\n\t\t<\/section>\n\t\t\t\t<section class=\"elementor-section elementor-top-section elementor-element elementor-element-e60bf85 elementor-section-boxed elementor-section-height-default elementor-section-height-default\" data-id=\"e60bf85\" data-element_type=\"section\">\n\t\t\t\t\t\t<div class=\"elementor-container elementor-column-gap-default\">\n\t\t\t\t\t<div class=\"elementor-column elementor-col-100 elementor-top-column elementor-element elementor-element-a9680d6\" data-id=\"a9680d6\" data-element_type=\"column\" data-settings=\"{&quot;background_background&quot;:&quot;classic&quot;}\">\n\t\t\t<div class=\"elementor-widget-wrap elementor-element-populated\">\n\t\t\t\t\t<div class=\"elementor-background-overlay\"><\/div>\n\t\t\t\t\t\t<div class=\"elementor-element elementor-element-90dd461 elementor-widget elementor-widget-shortcode\" data-id=\"90dd461\" data-element_type=\"widget\" data-widget_type=\"shortcode.default\">\n\t\t\t\t<div class=\"elementor-widget-container\">\n\t\t\t\t\t\t\t<div class=\"elementor-shortcode\">\t\t\t\t<div class=\"focuspages-area\">\n\t\t\t     \t\t\t  \n\t\t\t     <div class=\"focus-item\">\n\t\t\t     \t<figure><a href=\"https:\/\/taxrep.us\/fr\/se-focaliser\/declaration-dimpots-aux-etats-unis\/\"><img fetchpriority=\"high\" decoding=\"async\" width=\"262\" height=\"262\" src=\"https:\/\/taxrep.us\/wp-content\/uploads\/2020\/09\/US-Tax-Service-262x262.png\" class=\"attachment-sesch-focussmall size-sesch-focussmall wp-post-image\" alt=\"\" srcset=\"https:\/\/taxrep.us\/wp-content\/uploads\/2020\/09\/US-Tax-Service-262x262.png 262w, https:\/\/taxrep.us\/wp-content\/uploads\/2020\/09\/US-Tax-Service-300x300.png 300w, https:\/\/taxrep.us\/wp-content\/uploads\/2020\/09\/US-Tax-Service-150x150.png 150w, https:\/\/taxrep.us\/wp-content\/uploads\/2020\/09\/US-Tax-Service-768x768.png 768w, https:\/\/taxrep.us\/wp-content\/uploads\/2020\/09\/US-Tax-Service-524x524.png 524w, https:\/\/taxrep.us\/wp-content\/uploads\/2020\/09\/US-Tax-Service-81x81.png 81w, https:\/\/taxrep.us\/wp-content\/uploads\/2020\/09\/US-Tax-Service.png 1024w\" sizes=\"(max-width: 262px) 100vw, 262px\" \/><\/a><\/figure>\n\t\t\t     \t<h3><a href=\"https:\/\/taxrep.us\/fr\/se-focaliser\/declaration-dimpots-aux-etats-unis\/\">Services fiscaux des \u00c9tats-Unis<\/a><\/h3>\n\t\t\t     \t<\/div>\n\t\t\t  \n\t\t\t    \t\t\t  \n\t\t\t     <div class=\"focus-item\">\n\t\t\t     \t<figure><a href=\"https:\/\/taxrep.us\/fr\/se-focaliser\/declaration-fiscale-allemande\/\"><img decoding=\"async\" width=\"262\" height=\"262\" src=\"https:\/\/taxrep.us\/wp-content\/uploads\/2020\/08\/German-tax-Service-262x262.png\" class=\"attachment-sesch-focussmall size-sesch-focussmall wp-post-image\" alt=\"\" srcset=\"https:\/\/taxrep.us\/wp-content\/uploads\/2020\/08\/German-tax-Service-262x262.png 262w, https:\/\/taxrep.us\/wp-content\/uploads\/2020\/08\/German-tax-Service-300x300.png 300w, https:\/\/taxrep.us\/wp-content\/uploads\/2020\/08\/German-tax-Service-150x150.png 150w, https:\/\/taxrep.us\/wp-content\/uploads\/2020\/08\/German-tax-Service-768x768.png 768w, https:\/\/taxrep.us\/wp-content\/uploads\/2020\/08\/German-tax-Service-524x524.png 524w, https:\/\/taxrep.us\/wp-content\/uploads\/2020\/08\/German-tax-Service-81x81.png 81w, https:\/\/taxrep.us\/wp-content\/uploads\/2020\/08\/German-tax-Service.png 1024w\" sizes=\"(max-width: 262px) 100vw, 262px\" \/><\/a><\/figure>\n\t\t\t     \t<h3><a href=\"https:\/\/taxrep.us\/fr\/se-focaliser\/declaration-fiscale-allemande\/\">Services fiscaux allemands<\/a><\/h3>\n\t\t\t     \t<\/div>\n\t\t\t  \n\t\t\t    \t\t\t  \n\t\t\t     <div class=\"focus-item\">\n\t\t\t     \t<figure><a href=\"https:\/\/taxrep.us\/fr\/se-focaliser\/declaration-dimpot-suisse\/\"><img decoding=\"async\" width=\"262\" height=\"262\" src=\"https:\/\/taxrep.us\/wp-content\/uploads\/2021\/09\/Swiss-tax-Service-262x262.png\" class=\"attachment-sesch-focussmall size-sesch-focussmall wp-post-image\" alt=\"\" srcset=\"https:\/\/taxrep.us\/wp-content\/uploads\/2021\/09\/Swiss-tax-Service-262x262.png 262w, https:\/\/taxrep.us\/wp-content\/uploads\/2021\/09\/Swiss-tax-Service-300x300.png 300w, https:\/\/taxrep.us\/wp-content\/uploads\/2021\/09\/Swiss-tax-Service-150x150.png 150w, https:\/\/taxrep.us\/wp-content\/uploads\/2021\/09\/Swiss-tax-Service-768x768.png 768w, https:\/\/taxrep.us\/wp-content\/uploads\/2021\/09\/Swiss-tax-Service-524x524.png 524w, https:\/\/taxrep.us\/wp-content\/uploads\/2021\/09\/Swiss-tax-Service-81x81.png 81w, https:\/\/taxrep.us\/wp-content\/uploads\/2021\/09\/Swiss-tax-Service.png 1024w\" sizes=\"(max-width: 262px) 100vw, 262px\" \/><\/a><\/figure>\n\t\t\t     \t<h3><a href=\"https:\/\/taxrep.us\/fr\/se-focaliser\/declaration-dimpot-suisse\/\">Services fiscaux suisses<\/a><\/h3>\n\t\t\t     \t<\/div>\n\t\t\t  \n\t\t\t    \t\t\t  \n\t\t\t     <div class=\"focus-item\">\n\t\t\t     \t<figure><a href=\"https:\/\/taxrep.us\/fr\/se-focaliser\/trust-etranger\/\"><img loading=\"lazy\" decoding=\"async\" width=\"262\" height=\"262\" src=\"https:\/\/taxrep.us\/wp-content\/uploads\/2020\/08\/iStock-1057233524-262x262.jpg\" class=\"attachment-sesch-focussmall size-sesch-focussmall wp-post-image\" alt=\"Services de protection des actifs\" srcset=\"https:\/\/taxrep.us\/wp-content\/uploads\/2020\/08\/iStock-1057233524-262x262.jpg 262w, https:\/\/taxrep.us\/wp-content\/uploads\/2020\/08\/iStock-1057233524-150x150.jpg 150w, https:\/\/taxrep.us\/wp-content\/uploads\/2020\/08\/iStock-1057233524-524x524.jpg 524w\" sizes=\"(max-width: 262px) 100vw, 262px\" \/><\/a><\/figure>\n\t\t\t     \t<h3><a href=\"https:\/\/taxrep.us\/fr\/se-focaliser\/trust-etranger\/\">Protection des actifs<\/a><\/h3>\n\t\t\t     \t<\/div>\n\t\t\t  \n\t\t\t    \t\t\t  \n\t\t\t     <div class=\"focus-item\">\n\t\t\t     \t<figure><a href=\"https:\/\/taxrep.us\/fr\/se-focaliser\/consultation\/\"><img loading=\"lazy\" decoding=\"async\" width=\"262\" height=\"262\" src=\"https:\/\/taxrep.us\/wp-content\/uploads\/2020\/08\/consultation-262x262.png\" class=\"attachment-sesch-focussmall size-sesch-focussmall wp-post-image\" alt=\"\" srcset=\"https:\/\/taxrep.us\/wp-content\/uploads\/2020\/08\/consultation-262x262.png 262w, https:\/\/taxrep.us\/wp-content\/uploads\/2020\/08\/consultation-150x150.png 150w, https:\/\/taxrep.us\/wp-content\/uploads\/2020\/08\/consultation-524x524.png 524w\" sizes=\"(max-width: 262px) 100vw, 262px\" \/><\/a><\/figure>\n\t\t\t     \t<h3><a href=\"https:\/\/taxrep.us\/fr\/se-focaliser\/consultation\/\">Consultation, \u00e9valuation et audit<\/a><\/h3>\n\t\t\t     \t<\/div>\n\t\t\t  \n\t\t\t    \t\t\t  \n\t\t\t     <div class=\"focus-item\">\n\t\t\t     \t<figure><a href=\"https:\/\/taxrep.us\/fr\/se-focaliser\/comptabilite\/\"><img loading=\"lazy\" decoding=\"async\" width=\"262\" height=\"262\" src=\"https:\/\/taxrep.us\/wp-content\/uploads\/2021\/09\/Accounting-262x262.png\" class=\"attachment-sesch-focussmall size-sesch-focussmall wp-post-image\" alt=\"Comptabilit\u00e9\" srcset=\"https:\/\/taxrep.us\/wp-content\/uploads\/2021\/09\/Accounting-262x262.png 262w, https:\/\/taxrep.us\/wp-content\/uploads\/2021\/09\/Accounting-300x300.png 300w, https:\/\/taxrep.us\/wp-content\/uploads\/2021\/09\/Accounting-150x150.png 150w, https:\/\/taxrep.us\/wp-content\/uploads\/2021\/09\/Accounting-768x768.png 768w, https:\/\/taxrep.us\/wp-content\/uploads\/2021\/09\/Accounting-524x524.png 524w, https:\/\/taxrep.us\/wp-content\/uploads\/2021\/09\/Accounting-81x81.png 81w, https:\/\/taxrep.us\/wp-content\/uploads\/2021\/09\/Accounting.png 1024w\" sizes=\"(max-width: 262px) 100vw, 262px\" \/><\/a><\/figure>\n\t\t\t     \t<h3><a href=\"https:\/\/taxrep.us\/fr\/se-focaliser\/comptabilite\/\">Comptabilit\u00e9<\/a><\/h3>\n\t\t\t     \t<\/div>\n\t\t\t  \n\t\t\t    \n\t\t\t    <\/div>\n\n    <\/div>\n\t\t\t\t\t\t<\/div>\n\t\t\t\t<\/div>\n\t\t\t\t\t<\/div>\n\t\t<\/div>\n\t\t\t\t\t<\/div>\n\t\t<\/section>\n\t\t\t\t<section class=\"elementor-section elementor-top-section elementor-element elementor-element-2bb9735 elementor-section-boxed elementor-section-height-default elementor-section-height-default\" data-id=\"2bb9735\" data-element_type=\"section\">\n\t\t\t\t\t\t<div class=\"elementor-container elementor-column-gap-default\">\n\t\t\t\t\t<div class=\"elementor-column elementor-col-100 elementor-top-column elementor-element elementor-element-58710aa\" data-id=\"58710aa\" data-element_type=\"column\">\n\t\t\t<div class=\"elementor-widget-wrap elementor-element-populated\">\n\t\t\t\t\t\t<div class=\"elementor-element elementor-element-fa69fd1 elementor-widget elementor-widget-html\" data-id=\"fa69fd1\" data-element_type=\"widget\" data-widget_type=\"html.default\">\n\t\t\t\t<div class=\"elementor-widget-container\">\n\t\t\t\t\t<p><style>\r\n    :root{\r\n      --bg:#ffffff;\r\n      --text:#1f2937;           \/* slate-800 *\/\r\n      --muted:#6b7280;          \/* slate-500 *\/\r\n    \r\n      --border:#e5e7eb;         \/* slate-200 *\/\r\n      --thead:#f8fafc;          \/* slate-50 *\/\r\n      --row:#ffffff;\r\n      --row-alt:#f9fafb;        \/* slate-50 *\/\r\n      --shadow:0 8px 20px rgba(17,24,39,.08);\r\n      --radius:14px;\r\n    }\r\n    html,body{margin:0;background:var(--bg);color:var(--text);font:16px\/1.6 system-ui,-apple-system,Segoe UI,Roboto,Helvetica,Arial,\"Apple Color Emoji\",\"Segoe UI Emoji\";}\r\n    .wrap{max-width:1000px;margin:auto;padding:32px 18px 64px;}\r\n    h1{font-size:2.0rem;line-height:1.2;margin:0 0 18px;}\r\n    h2{font-size:1.25rem;margin:28px 0 8px;}\r\n    p{margin:10px 0;color:var(--text);}\r\n    .lede{color:var(--muted);font-size:1.05rem;margin-bottom:22px}\r\n    .card{background:#fff;border:1px solid var(--border);border-radius:var(--radius);padding:22px;box-shadow:var(--shadow);margin:16px 0;}\r\n    .summary-grid{display:grid;grid-template-columns:1fr 2fr;gap:8px 16px}\r\n    .summary-grid strong{color:#111827}\r\n    \/* Table *\/\r\n    .table-wrap{margin-top:12px;border:1px solid var(--border);border-radius:var(--radius);box-shadow:var(--shadow);overflow:hidden;background:#fff}\r\n    .table-scroller{overflow:auto}\r\n    table{border-collapse:separate;border-spacing:0;width:100%;min-width:720px}\r\n    thead th{position:sticky;top:0;background:var(--thead);text-align:left;font-weight:700;color:#0f172a;border-bottom:1px solid var(--border);padding:14px 16px}\r\n    tbody td{padding:12px 16px;border-bottom:1px solid var(--border)}\r\n    tbody tr:nth-child(odd){background:var(--row)}\r\n    tbody tr:nth-child(even){background:var(--row-alt)}\r\n    tbody tr:hover{background:#eef6ff}\r\n    .note{font-size:.92rem;color:var(--muted);margin-top:10px}\r\n    a{color:var(--accent);text-decoration:none}\r\n    a:hover{text-decoration:underline}\r\n    @media (max-width:640px){\r\n      .summary-grid{grid-template-columns:1fr}\r\n      h1{font-size:1.6rem}\r\n    }\r\n  <\/style>\t\t\t\t<\/div>\n\t\t\t\t<\/div>\n\t\t\t\t\t<\/div>\n\t\t<\/div>\n\t\t\t\t\t<\/div>\n\t\t<\/section>\n\t\t\t\t<\/div>","protected":false},"excerpt":{"rendered":"<p>Nos Services en un Coup d'\u0152il D\u00e9couvrez nos offres cl\u00e9s : Service Fiscal Am\u00e9ricain, Service Fiscal Allemand, Service Fiscal Suisse, Protection d'Actifs, Consultation, \u00c9valuation &amp; Audit, et Comptabilit\u00e9. Cliquez sur n'importe quelle image pour ouvrir la page d\u00e9taill\u00e9e de ce service.<\/p>","protected":false},"author":2,"featured_media":0,"parent":0,"menu_order":42,"comment_status":"closed","ping_status":"closed","template":"","meta":{"_acf_changed":false,"om_disable_all_campaigns":false,"_monsterinsights_skip_tracking":false,"_monsterinsights_sitenote_active":false,"_monsterinsights_sitenote_note":"","_monsterinsights_sitenote_category":0,"footnotes":""},"class_list":["post-266","page","type-page","status-publish","hentry"],"acf":[],"yoast_head":"<!-- This site is optimized with the Yoast SEO Premium plugin v26.6 (Yoast SEO v26.8) - https:\/\/yoast.com\/product\/yoast-seo-premium-wordpress\/ -->\n<title>Tax Service: Comprehensive Offerings Explained<\/title>\n<meta name=\"description\" content=\"Explore our comprehensive tax service offerings, including US, German, and Swiss Tax Service, as well as asset protection.\" \/>\n<meta name=\"robots\" content=\"index, follow, max-snippet:-1, max-image-preview:large, max-video-preview:-1\" \/>\n<link rel=\"canonical\" href=\"https:\/\/taxrep.us\/fr\/services\/\" \/>\n<meta property=\"og:locale\" content=\"fr_FR\" \/>\n<meta property=\"og:type\" content=\"article\" \/>\n<meta property=\"og:title\" content=\"Services\" \/>\n<meta property=\"og:description\" content=\"Explore our comprehensive tax service offerings, including US, German, and Swiss Tax Service, as well as asset protection.\" \/>\n<meta property=\"og:url\" content=\"https:\/\/taxrep.us\/fr\/services\/\" \/>\n<meta property=\"og:site_name\" content=\"TaxRep\" \/>\n<meta property=\"article:modified_time\" content=\"2025-12-12T07:48:42+00:00\" \/>\n<meta name=\"twitter:card\" content=\"summary_large_image\" \/>\n<meta name=\"twitter:label1\" content=\"Dur\u00e9e de lecture estim\u00e9e\" \/>\n\t<meta name=\"twitter:data1\" content=\"1 minute\" \/>\n<script type=\"application\/ld+json\" class=\"yoast-schema-graph\">{\"@context\":\"https:\/\/schema.org\",\"@graph\":[{\"@type\":\"WebPage\",\"@id\":\"https:\/\/taxrep.us\/services\/\",\"url\":\"https:\/\/taxrep.us\/services\/\",\"name\":\"Tax Service: Comprehensive Offerings Explained\",\"isPartOf\":{\"@id\":\"https:\/\/taxrep.us\/#website\"},\"datePublished\":\"2021-12-18T14:29:47+00:00\",\"dateModified\":\"2025-12-12T07:48:42+00:00\",\"description\":\"Explore our comprehensive tax service offerings, including US, German, and Swiss Tax Service, as well as asset protection.\",\"breadcrumb\":{\"@id\":\"https:\/\/taxrep.us\/services\/#breadcrumb\"},\"inLanguage\":\"fr-FR\",\"potentialAction\":[{\"@type\":\"ReadAction\",\"target\":[\"https:\/\/taxrep.us\/services\/\"]}]},{\"@type\":\"BreadcrumbList\",\"@id\":\"https:\/\/taxrep.us\/services\/#breadcrumb\",\"itemListElement\":[{\"@type\":\"ListItem\",\"position\":1,\"name\":\"Home\",\"item\":\"https:\/\/taxrep.us\/\"},{\"@type\":\"ListItem\",\"position\":2,\"name\":\"Services\"}]},{\"@type\":\"WebSite\",\"@id\":\"https:\/\/taxrep.us\/#website\",\"url\":\"https:\/\/taxrep.us\/\",\"name\":\"TaxRep\",\"description\":\"Tax Services\",\"publisher\":{\"@id\":\"https:\/\/taxrep.us\/#organization\"},\"potentialAction\":[{\"@type\":\"SearchAction\",\"target\":{\"@type\":\"EntryPoint\",\"urlTemplate\":\"https:\/\/taxrep.us\/?s={search_term_string}\"},\"query-input\":{\"@type\":\"PropertyValueSpecification\",\"valueRequired\":true,\"valueName\":\"search_term_string\"}}],\"inLanguage\":\"fr-FR\"},{\"@type\":\"Organization\",\"@id\":\"https:\/\/taxrep.us\/#organization\",\"name\":\"Sesch USA LLC\",\"url\":\"https:\/\/taxrep.us\/\",\"logo\":{\"@type\":\"ImageObject\",\"inLanguage\":\"fr-FR\",\"@id\":\"https:\/\/taxrep.us\/#\/schema\/logo\/image\/\",\"url\":\"https:\/\/taxrep.us\/wp-content\/uploads\/2023\/09\/TaxRep-Logo-scaled.jpg\",\"contentUrl\":\"https:\/\/taxrep.us\/wp-content\/uploads\/2023\/09\/TaxRep-Logo-scaled.jpg\",\"width\":2560,\"height\":708,\"caption\":\"Sesch USA LLC\"},\"image\":{\"@id\":\"https:\/\/taxrep.us\/#\/schema\/logo\/image\/\"}}]}<\/script>\n<!-- \/ Yoast SEO Premium plugin. -->","yoast_head_json":{"title":"Service des imp\u00f4ts : Explication de l'offre globale","description":"D\u00e9couvrez notre offre compl\u00e8te de services fiscaux, y compris les services fiscaux am\u00e9ricains, allemands et suisses, ainsi que la protection des actifs.","robots":{"index":"index","follow":"follow","max-snippet":"max-snippet:-1","max-image-preview":"max-image-preview:large","max-video-preview":"max-video-preview:-1"},"canonical":"https:\/\/taxrep.us\/fr\/services\/","og_locale":"fr_FR","og_type":"article","og_title":"Services","og_description":"Explore our comprehensive tax service offerings, including US, German, and Swiss Tax Service, as well as asset protection.","og_url":"https:\/\/taxrep.us\/fr\/services\/","og_site_name":"TaxRep","article_modified_time":"2025-12-12T07:48:42+00:00","twitter_card":"summary_large_image","twitter_misc":{"Dur\u00e9e de lecture estim\u00e9e":"1 minute"},"schema":{"@context":"https:\/\/schema.org","@graph":[{"@type":"WebPage","@id":"https:\/\/taxrep.us\/services\/","url":"https:\/\/taxrep.us\/services\/","name":"Service des imp\u00f4ts : Explication de l'offre globale","isPartOf":{"@id":"https:\/\/taxrep.us\/#website"},"datePublished":"2021-12-18T14:29:47+00:00","dateModified":"2025-12-12T07:48:42+00:00","description":"D\u00e9couvrez notre offre compl\u00e8te de services fiscaux, y compris les services fiscaux am\u00e9ricains, allemands et suisses, ainsi que la protection des actifs.","breadcrumb":{"@id":"https:\/\/taxrep.us\/services\/#breadcrumb"},"inLanguage":"fr-FR","potentialAction":[{"@type":"ReadAction","target":["https:\/\/taxrep.us\/services\/"]}]},{"@type":"BreadcrumbList","@id":"https:\/\/taxrep.us\/services\/#breadcrumb","itemListElement":[{"@type":"ListItem","position":1,"name":"Home","item":"https:\/\/taxrep.us\/"},{"@type":"ListItem","position":2,"name":"Services"}]},{"@type":"WebSite","@id":"https:\/\/taxrep.us\/#website","url":"https:\/\/taxrep.us\/","name":"TaxRep","description":"Services fiscaux","publisher":{"@id":"https:\/\/taxrep.us\/#organization"},"potentialAction":[{"@type":"SearchAction","target":{"@type":"EntryPoint","urlTemplate":"https:\/\/taxrep.us\/?s={search_term_string}"},"query-input":{"@type":"PropertyValueSpecification","valueRequired":true,"valueName":"search_term_string"}}],"inLanguage":"fr-FR"},{"@type":"Organization","@id":"https:\/\/taxrep.us\/#organization","name":"Sesch USA LLC","url":"https:\/\/taxrep.us\/","logo":{"@type":"ImageObject","inLanguage":"fr-FR","@id":"https:\/\/taxrep.us\/#\/schema\/logo\/image\/","url":"https:\/\/taxrep.us\/wp-content\/uploads\/2023\/09\/TaxRep-Logo-scaled.jpg","contentUrl":"https:\/\/taxrep.us\/wp-content\/uploads\/2023\/09\/TaxRep-Logo-scaled.jpg","width":2560,"height":708,"caption":"Sesch USA LLC"},"image":{"@id":"https:\/\/taxrep.us\/#\/schema\/logo\/image\/"}}]}},"_links":{"self":[{"href":"https:\/\/taxrep.us\/fr\/wp-json\/wp\/v2\/pages\/266","targetHints":{"allow":["GET"]}}],"collection":[{"href":"https:\/\/taxrep.us\/fr\/wp-json\/wp\/v2\/pages"}],"about":[{"href":"https:\/\/taxrep.us\/fr\/wp-json\/wp\/v2\/types\/page"}],"author":[{"embeddable":true,"href":"https:\/\/taxrep.us\/fr\/wp-json\/wp\/v2\/users\/2"}],"replies":[{"embeddable":true,"href":"https:\/\/taxrep.us\/fr\/wp-json\/wp\/v2\/comments?post=266"}],"version-history":[{"count":10,"href":"https:\/\/taxrep.us\/fr\/wp-json\/wp\/v2\/pages\/266\/revisions"}],"predecessor-version":[{"id":9880,"href":"https:\/\/taxrep.us\/fr\/wp-json\/wp\/v2\/pages\/266\/revisions\/9880"}],"wp:attachment":[{"href":"https:\/\/taxrep.us\/fr\/wp-json\/wp\/v2\/media?parent=266"}],"curies":[{"name":"wp","href":"https:\/\/api.w.org\/{rel}","templated":true}]}}