{"id":6802,"date":"2025-10-31T17:08:22","date_gmt":"2025-10-31T17:08:22","guid":{"rendered":"https:\/\/taxrep.us\/?page_id=6802"},"modified":"2025-11-17T06:57:38","modified_gmt":"2025-11-17T06:57:38","slug":"audit-mabv","status":"publish","type":"page","link":"https:\/\/taxrep.us\/fr\/examen-de-laudit\/audit-mabv\/","title":{"rendered":"Audit MaBV"},"content":{"rendered":"<div data-elementor-type=\"wp-page\" data-elementor-id=\"6802\" class=\"elementor elementor-6802\">\n\t\t\t\t\t\t<section class=\"elementor-section elementor-top-section elementor-element elementor-element-38d51b0 elementor-section-boxed elementor-section-height-default elementor-section-height-default\" data-id=\"38d51b0\" data-element_type=\"section\">\n\t\t\t\t\t\t\t<div class=\"elementor-background-overlay\"><\/div>\n\t\t\t\t\t\t\t<div class=\"elementor-container elementor-column-gap-default\">\n\t\t\t\t\t<div class=\"elementor-column elementor-col-100 elementor-top-column elementor-element elementor-element-755461f\" data-id=\"755461f\" data-element_type=\"column\">\n\t\t\t<div class=\"elementor-widget-wrap elementor-element-populated\">\n\t\t\t\t\t\t<div class=\"elementor-element elementor-element-63a9b26 elementor-widget elementor-widget-heading\" data-id=\"63a9b26\" data-element_type=\"widget\" data-widget_type=\"heading.default\">\n\t\t\t\t<div class=\"elementor-widget-container\">\n\t\t\t\t\t<h1 class=\"elementor-heading-title elementor-size-default\">Audit MaBV en Allemagne\n<\/h1>\t\t\t\t<\/div>\n\t\t\t\t<\/div>\n\t\t\t\t<div class=\"elementor-element elementor-element-6fbf991 elementor-widget-divider--view-line elementor-widget elementor-widget-divider\" data-id=\"6fbf991\" data-element_type=\"widget\" data-widget_type=\"divider.default\">\n\t\t\t\t<div class=\"elementor-widget-container\">\n\t\t\t\t\t\t\t<div class=\"elementor-divider\">\n\t\t\t<span class=\"elementor-divider-separator\">\n\t\t\t\t\t\t<\/span>\n\t\t<\/div>\n\t\t\t\t\t\t<\/div>\n\t\t\t\t<\/div>\n\t\t\t\t<div class=\"elementor-element elementor-element-e25974f elementor-widget elementor-widget-html\" data-id=\"e25974f\" data-element_type=\"widget\" data-widget_type=\"html.default\">\n\t\t\t\t<div class=\"elementor-widget-container\">\n\t\t\t\t\t<section>\r\n  <h2>Service d'audit MaBV par Sesch Group GmbH WPG<\/h2>\r\n\r\n  <p>\r\n    Au <strong>Groupe Sesch GmbH WPG<\/strong>, Nous sommes conscients de l'importance croissante de la conformit\u00e9 et de la transparence dans les secteurs de l'immobilier et de la gestion de biens.\r\n    dans les secteurs de l'immobilier et de la gestion de biens. C'est pourquoi nous offrons un service d\u00e9di\u00e9 \u00e0 la conformit\u00e9 et \u00e0 la transparence dans les secteurs de l'immobilier et de la gestion de biens. \r\n    <strong>Service d'audit MaBV (\u201cMaBV Pr\u00fcfung\u201d)<\/strong> con\u00e7u pour aider les entreprises soumises \u00e0 la\r\n    Makler- und Bautr\u00e4gerverordnung (MaBV) \u00e0 remplir leurs obligations r\u00e9glementaires en toute confiance.\r\n  <\/p>\r\n\r\n  <h3>Pourquoi choisir notre service d'audit MaBV ?<\/h3>\r\n  <ul>\r\n    <li>\r\n      Nous sommes sp\u00e9cialis\u00e9s dans les secteurs r\u00e9glement\u00e9s tels que la promotion immobili\u00e8re et la gestion immobili\u00e8re.\r\n    <\/li>\r\n    <li>\r\n      Nous r\u00e9alisons des audits statutaires et des examens de conformit\u00e9 conform\u00e9ment aux normes d'audit allemandes,\r\n      adapt\u00e9s aux exigences de la MaBV et des r\u00e9glementations connexes.\r\n    <\/li>\r\n    <li>\r\n      Notre \u00e9quipe est compos\u00e9e d'auditeurs exp\u00e9riment\u00e9s, d'experts-comptables et de sp\u00e9cialistes connaissant bien le secteur de l'immobilier.\r\n      secteur de l'immobilier - ce qui permet des flux de travail efficaces et des conseils pratiques.\r\n    <\/li>\r\n    <li>\r\n      Notre audit vous permet non seulement de d\u00e9montrer votre conformit\u00e9, mais aussi d'obtenir des informations sur les contr\u00f4les internes, la gestion des risques et les meilleures pratiques pour une croissance durable de vos activit\u00e9s immobili\u00e8res.\r\n      des contr\u00f4les internes, de la gestion des risques et des meilleures pratiques pour une croissance durable de vos op\u00e9rations immobili\u00e8res.\r\n    <\/li>\r\n  <\/ul>\r\n\r\n  <h3>Ce que vous pouvez attendre de notre processus d'audit MaBV<\/h3>\r\n  <ol>\r\n    <li>\r\n      Une r\u00e9union de cadrage pour comprendre votre mod\u00e8le d'entreprise, les exigences MaBV applicables et les zones de risque particuli\u00e8res.\r\n    <\/li>\r\n    <li>\r\n      Proc\u00e9dures d'audit substantielles et bas\u00e9es sur le contr\u00f4le, adapt\u00e9es aux obligations du MaBV (par exemple, comptabilit\u00e9, fonds des clients, gestion fiduciaire, divulgations).\r\n    <\/li>\r\n    <li>\r\n      Un rapport d'audit clair, \u00e9num\u00e9rant toutes les constatations ainsi que les recommandations en vue d'une am\u00e9lioration et d'une mise en conformit\u00e9 permanente.\r\n    <\/li>\r\n    <li>\r\n      Aide au suivi des audits et conseils sur l'am\u00e9lioration de vos processus, de votre documentation et de votre gouvernance interne.\r\n    <\/li>\r\n  <\/ol>\r\n\r\n  <p>\r\n    Que vous soyez un gestionnaire immobilier, un promoteur ou un courtier soumis \u00e0 la MaBV, notre objectif est de minimiser le stress li\u00e9 \u00e0 l'audit et de maximiser la valeur.\r\n    et de maximiser la valeur - en vous aidant \u00e0 r\u00e9pondre aux exigences r\u00e9glementaires de mani\u00e8re fiable et \u00e0 b\u00e9n\u00e9ficier d'une clart\u00e9 et d'un contr\u00f4le op\u00e9rationnels am\u00e9lior\u00e9s.\r\n    de clart\u00e9 op\u00e9rationnelle et de contr\u00f4le.\r\n  <\/p>\r\n\r\n  <p>\r\n    Pour plus d'informations sur notre service d'audit MaBV, veuillez consulter notre site web :\r\n    <a href=\"https:\/\/mabvpr\u00fcfung.de\" target=\"_blank\" rel=\"noopener noreferrer\">mabvpr\u00fcfung.de<\/a>.\r\n  <\/p>\r\n<\/section>\r\n\t\t\t\t<\/div>\n\t\t\t\t<\/div>\n\t\t\t\t<div class=\"elementor-element elementor-element-5771fd7 elementor-widget-divider--view-line elementor-widget elementor-widget-divider\" data-id=\"5771fd7\" data-element_type=\"widget\" data-widget_type=\"divider.default\">\n\t\t\t\t<div class=\"elementor-widget-container\">\n\t\t\t\t\t\t\t<div class=\"elementor-divider\">\n\t\t\t<span class=\"elementor-divider-separator\">\n\t\t\t\t\t\t<\/span>\n\t\t<\/div>\n\t\t\t\t\t\t<\/div>\n\t\t\t\t<\/div>\n\t\t\t\t\t<\/div>\n\t\t<\/div>\n\t\t\t\t\t<\/div>\n\t\t<\/section>\n\t\t\t\t<section class=\"elementor-section elementor-top-section elementor-element elementor-element-397b067 elementor-section-boxed elementor-section-height-default elementor-section-height-default\" data-id=\"397b067\" data-element_type=\"section\">\n\t\t\t\t\t\t<div class=\"elementor-container elementor-column-gap-default\">\n\t\t\t\t\t<div class=\"elementor-column elementor-col-100 elementor-top-column elementor-element elementor-element-2d71916\" data-id=\"2d71916\" data-element_type=\"column\">\n\t\t\t<div class=\"elementor-widget-wrap elementor-element-populated\">\n\t\t\t\t\t\t<div class=\"elementor-element elementor-element-0a01d63 elementor-widget elementor-widget-html\" data-id=\"0a01d63\" data-element_type=\"widget\" data-widget_type=\"html.default\">\n\t\t\t\t<div class=\"elementor-widget-container\">\n\t\t\t\t\t<p><style>\r\n    :root{\r\n      --bg:#ffffff;\r\n      --text:#1f2937;           \/* slate-800 *\/\r\n      --muted:#6b7280;          \/* slate-500 *\/\r\n    \r\n      --border:#e5e7eb;         \/* slate-200 *\/\r\n      --thead:#f8fafc;          \/* slate-50 *\/\r\n      --row:#ffffff;\r\n      --row-alt:#f9fafb;        \/* slate-50 *\/\r\n      --shadow:0 8px 20px rgba(17,24,39,.08);\r\n      --radius:14px;\r\n    }\r\n    html,body{margin:0;background:var(--bg);color:var(--text);font:16px\/1.6 system-ui,-apple-system,Segoe UI,Roboto,Helvetica,Arial,\"Apple Color Emoji\",\"Segoe UI Emoji\";}\r\n    .wrap{max-width:1000px;margin:auto;padding:32px 18px 64px;}\r\n    h1{font-size:2.0rem;line-height:1.2;margin:0 0 18px;}\r\n    h2{font-size:1.25rem;margin:28px 0 8px;}\r\n    p{margin:10px 0;color:var(--text);}\r\n    .lede{color:var(--muted);font-size:1.05rem;margin-bottom:22px}\r\n    .card{background:#fff;border:1px solid var(--border);border-radius:var(--radius);padding:22px;box-shadow:var(--shadow);margin:16px 0;}\r\n    .summary-grid{display:grid;grid-template-columns:1fr 2fr;gap:8px 16px}\r\n    .summary-grid strong{color:#111827}\r\n    \/* Table *\/\r\n    .table-wrap{margin-top:12px;border:1px solid var(--border);border-radius:var(--radius);box-shadow:var(--shadow);overflow:hidden;background:#fff}\r\n    .table-scroller{overflow:auto}\r\n    table{border-collapse:separate;border-spacing:0;width:100%;min-width:720px}\r\n    thead th{position:sticky;top:0;background:var(--thead);text-align:left;font-weight:700;color:#0f172a;border-bottom:1px solid var(--border);padding:14px 16px}\r\n    tbody td{padding:12px 16px;border-bottom:1px solid var(--border)}\r\n    tbody tr:nth-child(odd){background:var(--row)}\r\n    tbody tr:nth-child(even){background:var(--row-alt)}\r\n    tbody tr:hover{background:#eef6ff}\r\n    .note{font-size:.92rem;color:var(--muted);margin-top:10px}\r\n    a{color:var(--accent);text-decoration:none}\r\n    a:hover{text-decoration:underline}\r\n    @media (max-width:640px){\r\n      .summary-grid{grid-template-columns:1fr}\r\n      h1{font-size:1.6rem}\r\n    }\r\n  <\/style>\t\t\t\t<\/div>\n\t\t\t\t<\/div>\n\t\t\t\t\t<\/div>\n\t\t<\/div>\n\t\t\t\t\t<\/div>\n\t\t<\/section>\n\t\t\t\t<\/div>","protected":false},"excerpt":{"rendered":"<p>MaBV Audit in Germany MaBV Audit Service by Sesch Group GmbH WPG At Sesch Group GmbH WPG, we recognise the growing importance of compliance and transparency within the real estate and property management sectors. That is why we offer a dedicated MaBV audit service (\u201cMaBV Pr\u00fcfung\u201d) designed to help companies subject to the Makler- und [&hellip;]<\/p>","protected":false},"author":2,"featured_media":0,"parent":6796,"menu_order":5,"comment_status":"closed","ping_status":"closed","template":"","meta":{"_acf_changed":false,"om_disable_all_campaigns":false,"_monsterinsights_skip_tracking":false,"_monsterinsights_sitenote_active":false,"_monsterinsights_sitenote_note":"","_monsterinsights_sitenote_category":0,"footnotes":""},"class_list":["post-6802","page","type-page","status-publish","hentry"],"acf":[],"yoast_head":"<!-- This site is optimized with the Yoast SEO Premium plugin v26.6 (Yoast SEO v26.8) - https:\/\/yoast.com\/product\/yoast-seo-premium-wordpress\/ -->\n<title>MaBV Audit Review Services for Developers in Germany<\/title>\n<meta name=\"description\" content=\"Professional MaBV audit review for real estate developers. Ensure full compliance, accurate reporting, and secure MaBV documentation with expert support.\" \/>\n<meta name=\"robots\" content=\"index, follow, max-snippet:-1, max-image-preview:large, max-video-preview:-1\" \/>\n<link rel=\"canonical\" href=\"https:\/\/taxrep.us\/fr\/examen-de-laudit\/audit-mabv\/\" \/>\n<meta property=\"og:locale\" content=\"fr_FR\" \/>\n<meta property=\"og:type\" content=\"article\" \/>\n<meta property=\"og:title\" content=\"MaBV Audit\" \/>\n<meta property=\"og:description\" content=\"Professional MaBV audit review for real estate developers. Ensure full compliance, accurate reporting, and secure MaBV documentation with expert support.\" \/>\n<meta property=\"og:url\" content=\"https:\/\/taxrep.us\/fr\/examen-de-laudit\/audit-mabv\/\" \/>\n<meta property=\"og:site_name\" content=\"TaxRep\" \/>\n<meta property=\"article:modified_time\" content=\"2025-11-17T06:57:38+00:00\" \/>\n<meta name=\"twitter:card\" content=\"summary_large_image\" \/>\n<meta name=\"twitter:label1\" content=\"Dur\u00e9e de lecture estim\u00e9e\" \/>\n\t<meta name=\"twitter:data1\" content=\"2 minutes\" \/>\n<script type=\"application\/ld+json\" class=\"yoast-schema-graph\">{\"@context\":\"https:\/\/schema.org\",\"@graph\":[{\"@type\":\"WebPage\",\"@id\":\"https:\/\/taxrep.us\/audit-review\/mabv-audit\/\",\"url\":\"https:\/\/taxrep.us\/audit-review\/mabv-audit\/\",\"name\":\"MaBV Audit Review Services for Developers in Germany\",\"isPartOf\":{\"@id\":\"https:\/\/taxrep.us\/#website\"},\"datePublished\":\"2025-10-31T17:08:22+00:00\",\"dateModified\":\"2025-11-17T06:57:38+00:00\",\"description\":\"Professional MaBV audit review for real estate developers. Ensure full compliance, accurate reporting, and secure MaBV documentation with expert support.\",\"breadcrumb\":{\"@id\":\"https:\/\/taxrep.us\/audit-review\/mabv-audit\/#breadcrumb\"},\"inLanguage\":\"fr-FR\",\"potentialAction\":[{\"@type\":\"ReadAction\",\"target\":[\"https:\/\/taxrep.us\/audit-review\/mabv-audit\/\"]}]},{\"@type\":\"BreadcrumbList\",\"@id\":\"https:\/\/taxrep.us\/audit-review\/mabv-audit\/#breadcrumb\",\"itemListElement\":[{\"@type\":\"ListItem\",\"position\":1,\"name\":\"Home\",\"item\":\"https:\/\/taxrep.us\/\"},{\"@type\":\"ListItem\",\"position\":2,\"name\":\"Audit &#038; Review\",\"item\":\"https:\/\/taxrep.us\/audit-review\/\"},{\"@type\":\"ListItem\",\"position\":3,\"name\":\"MaBV Audit\"}]},{\"@type\":\"WebSite\",\"@id\":\"https:\/\/taxrep.us\/#website\",\"url\":\"https:\/\/taxrep.us\/\",\"name\":\"TaxRep\",\"description\":\"Tax Services\",\"publisher\":{\"@id\":\"https:\/\/taxrep.us\/#organization\"},\"potentialAction\":[{\"@type\":\"SearchAction\",\"target\":{\"@type\":\"EntryPoint\",\"urlTemplate\":\"https:\/\/taxrep.us\/?s={search_term_string}\"},\"query-input\":{\"@type\":\"PropertyValueSpecification\",\"valueRequired\":true,\"valueName\":\"search_term_string\"}}],\"inLanguage\":\"fr-FR\"},{\"@type\":\"Organization\",\"@id\":\"https:\/\/taxrep.us\/#organization\",\"name\":\"Sesch USA LLC\",\"url\":\"https:\/\/taxrep.us\/\",\"logo\":{\"@type\":\"ImageObject\",\"inLanguage\":\"fr-FR\",\"@id\":\"https:\/\/taxrep.us\/#\/schema\/logo\/image\/\",\"url\":\"https:\/\/taxrep.us\/wp-content\/uploads\/2023\/09\/TaxRep-Logo-scaled.jpg\",\"contentUrl\":\"https:\/\/taxrep.us\/wp-content\/uploads\/2023\/09\/TaxRep-Logo-scaled.jpg\",\"width\":2560,\"height\":708,\"caption\":\"Sesch USA LLC\"},\"image\":{\"@id\":\"https:\/\/taxrep.us\/#\/schema\/logo\/image\/\"}}]}<\/script>\n<!-- \/ Yoast SEO Premium plugin. -->","yoast_head_json":{"title":"Services d'audit MaBV pour les promoteurs immobiliers en Allemagne","description":"Examen professionnel de l'audit MaBV pour les promoteurs immobiliers. Garantir une conformit\u00e9 totale, des rapports pr\u00e9cis et une documentation MaBV s\u00e9curis\u00e9e gr\u00e2ce \u00e0 l'assistance d'experts.","robots":{"index":"index","follow":"follow","max-snippet":"max-snippet:-1","max-image-preview":"max-image-preview:large","max-video-preview":"max-video-preview:-1"},"canonical":"https:\/\/taxrep.us\/fr\/examen-de-laudit\/audit-mabv\/","og_locale":"fr_FR","og_type":"article","og_title":"MaBV Audit","og_description":"Professional MaBV audit review for real estate developers. Ensure full compliance, accurate reporting, and secure MaBV documentation with expert support.","og_url":"https:\/\/taxrep.us\/fr\/examen-de-laudit\/audit-mabv\/","og_site_name":"TaxRep","article_modified_time":"2025-11-17T06:57:38+00:00","twitter_card":"summary_large_image","twitter_misc":{"Dur\u00e9e de lecture estim\u00e9e":"2 minutes"},"schema":{"@context":"https:\/\/schema.org","@graph":[{"@type":"WebPage","@id":"https:\/\/taxrep.us\/audit-review\/mabv-audit\/","url":"https:\/\/taxrep.us\/audit-review\/mabv-audit\/","name":"Services d'audit MaBV pour les promoteurs immobiliers en Allemagne","isPartOf":{"@id":"https:\/\/taxrep.us\/#website"},"datePublished":"2025-10-31T17:08:22+00:00","dateModified":"2025-11-17T06:57:38+00:00","description":"Examen professionnel de l'audit MaBV pour les promoteurs immobiliers. Garantir une conformit\u00e9 totale, des rapports pr\u00e9cis et une documentation MaBV s\u00e9curis\u00e9e gr\u00e2ce \u00e0 l'assistance d'experts.","breadcrumb":{"@id":"https:\/\/taxrep.us\/audit-review\/mabv-audit\/#breadcrumb"},"inLanguage":"fr-FR","potentialAction":[{"@type":"ReadAction","target":["https:\/\/taxrep.us\/audit-review\/mabv-audit\/"]}]},{"@type":"BreadcrumbList","@id":"https:\/\/taxrep.us\/audit-review\/mabv-audit\/#breadcrumb","itemListElement":[{"@type":"ListItem","position":1,"name":"Home","item":"https:\/\/taxrep.us\/"},{"@type":"ListItem","position":2,"name":"Audit &#038; Review","item":"https:\/\/taxrep.us\/audit-review\/"},{"@type":"ListItem","position":3,"name":"MaBV Audit"}]},{"@type":"WebSite","@id":"https:\/\/taxrep.us\/#website","url":"https:\/\/taxrep.us\/","name":"TaxRep","description":"Services fiscaux","publisher":{"@id":"https:\/\/taxrep.us\/#organization"},"potentialAction":[{"@type":"SearchAction","target":{"@type":"EntryPoint","urlTemplate":"https:\/\/taxrep.us\/?s={search_term_string}"},"query-input":{"@type":"PropertyValueSpecification","valueRequired":true,"valueName":"search_term_string"}}],"inLanguage":"fr-FR"},{"@type":"Organization","@id":"https:\/\/taxrep.us\/#organization","name":"Sesch USA LLC","url":"https:\/\/taxrep.us\/","logo":{"@type":"ImageObject","inLanguage":"fr-FR","@id":"https:\/\/taxrep.us\/#\/schema\/logo\/image\/","url":"https:\/\/taxrep.us\/wp-content\/uploads\/2023\/09\/TaxRep-Logo-scaled.jpg","contentUrl":"https:\/\/taxrep.us\/wp-content\/uploads\/2023\/09\/TaxRep-Logo-scaled.jpg","width":2560,"height":708,"caption":"Sesch USA LLC"},"image":{"@id":"https:\/\/taxrep.us\/#\/schema\/logo\/image\/"}}]}},"_links":{"self":[{"href":"https:\/\/taxrep.us\/fr\/wp-json\/wp\/v2\/pages\/6802","targetHints":{"allow":["GET"]}}],"collection":[{"href":"https:\/\/taxrep.us\/fr\/wp-json\/wp\/v2\/pages"}],"about":[{"href":"https:\/\/taxrep.us\/fr\/wp-json\/wp\/v2\/types\/page"}],"author":[{"embeddable":true,"href":"https:\/\/taxrep.us\/fr\/wp-json\/wp\/v2\/users\/2"}],"replies":[{"embeddable":true,"href":"https:\/\/taxrep.us\/fr\/wp-json\/wp\/v2\/comments?post=6802"}],"version-history":[{"count":4,"href":"https:\/\/taxrep.us\/fr\/wp-json\/wp\/v2\/pages\/6802\/revisions"}],"predecessor-version":[{"id":9857,"href":"https:\/\/taxrep.us\/fr\/wp-json\/wp\/v2\/pages\/6802\/revisions\/9857"}],"up":[{"embeddable":true,"href":"https:\/\/taxrep.us\/fr\/wp-json\/wp\/v2\/pages\/6796"}],"wp:attachment":[{"href":"https:\/\/taxrep.us\/fr\/wp-json\/wp\/v2\/media?parent=6802"}],"curies":[{"name":"wp","href":"https:\/\/api.w.org\/{rel}","templated":true}]}}