{"id":7296,"date":"2025-11-06T08:41:41","date_gmt":"2025-11-06T08:41:41","guid":{"rendered":"https:\/\/taxrep.us\/?page_id=7296"},"modified":"2025-11-17T07:05:32","modified_gmt":"2025-11-17T07:05:32","slug":"service-des-droits-de-succession-des-etats-unis","status":"publish","type":"page","link":"https:\/\/taxrep.us\/fr\/service-de-limpot-sur-la-fortune-et-les-biens-immobiliers-des-etats-unis\/service-des-droits-de-succession-des-etats-unis\/","title":{"rendered":"Service des droits de succession aux \u00c9tats-Unis"},"content":{"rendered":"<div data-elementor-type=\"wp-page\" data-elementor-id=\"7296\" class=\"elementor elementor-7296\">\n\t\t\t\t\t\t<section class=\"elementor-section elementor-top-section elementor-element elementor-element-a9ef211 elementor-section-boxed elementor-section-height-default elementor-section-height-default\" data-id=\"a9ef211\" data-element_type=\"section\">\n\t\t\t\t\t\t<div class=\"elementor-container elementor-column-gap-default\">\n\t\t\t\t\t<div class=\"elementor-column elementor-col-100 elementor-top-column elementor-element elementor-element-5f1dc95\" data-id=\"5f1dc95\" data-element_type=\"column\" data-settings=\"{&quot;background_background&quot;:&quot;classic&quot;}\">\n\t\t\t<div class=\"elementor-widget-wrap elementor-element-populated\">\n\t\t\t\t\t\t<div class=\"elementor-element elementor-element-63a9b26 elementor-widget elementor-widget-heading\" data-id=\"63a9b26\" data-element_type=\"widget\" data-widget_type=\"heading.default\">\n\t\t\t\t<div class=\"elementor-widget-container\">\n\t\t\t\t\t<h1 class=\"elementor-heading-title elementor-size-default\">Droits de succession aux \u00c9tats-Unis - Aper\u00e7u des services<\/h1>\t\t\t\t<\/div>\n\t\t\t\t<\/div>\n\t\t\t\t\t<\/div>\n\t\t<\/div>\n\t\t\t\t\t<\/div>\n\t\t<\/section>\n\t\t\t\t<section class=\"elementor-section elementor-top-section elementor-element elementor-element-38d51b0 elementor-section-boxed elementor-section-height-default elementor-section-height-default\" data-id=\"38d51b0\" data-element_type=\"section\">\n\t\t\t\t\t\t\t<div class=\"elementor-background-overlay\"><\/div>\n\t\t\t\t\t\t\t<div class=\"elementor-container elementor-column-gap-default\">\n\t\t\t\t\t<div class=\"elementor-column elementor-col-100 elementor-top-column elementor-element elementor-element-755461f\" data-id=\"755461f\" data-element_type=\"column\">\n\t\t\t<div class=\"elementor-widget-wrap elementor-element-populated\">\n\t\t\t\t\t\t<div class=\"elementor-element elementor-element-9186d8c elementor-widget-divider--view-line elementor-widget elementor-widget-divider\" data-id=\"9186d8c\" data-element_type=\"widget\" data-widget_type=\"divider.default\">\n\t\t\t\t<div class=\"elementor-widget-container\">\n\t\t\t\t\t\t\t<div class=\"elementor-divider\">\n\t\t\t<span class=\"elementor-divider-separator\">\n\t\t\t\t\t\t<\/span>\n\t\t<\/div>\n\t\t\t\t\t\t<\/div>\n\t\t\t\t<\/div>\n\t\t\t\t<div class=\"elementor-element elementor-element-3e7f4c8 elementor-widget elementor-widget-html\" data-id=\"3e7f4c8\" data-element_type=\"widget\" data-widget_type=\"html.default\">\n\t\t\t\t<div class=\"elementor-widget-container\">\n\t\t\t\t\t<!-- ===== HERO ===== -->\r\n<section id=\"estate-hero\" style=\"margin:0 0 18px 0;\">\r\n  <h2 style=\"margin-bottom:8px;\">Droits de succession aux \u00c9tats-Unis - Vue d'ensemble des services de l'\u00c9tat<\/h2>\r\n  <p style=\"margin:6px 0;\">\r\n    Naviguez dans les imp\u00f4ts sur les successions et les h\u00e9ritages sp\u00e9cifiques \u00e0 l'\u00c9tat gr\u00e2ce \u00e0 des services clairs et \u00e0 tarif fixe. Qu'il s'agisse d'exemptions, de d\u00e9lais de d\u00e9p\u00f4t, d'audits ou de successions transnationales, notre \u00e9quipe assiste les ex\u00e9cuteurs testamentaires, les avocats et les familles dans tout le pays.\r\n  <\/p>\r\n  <div style=\"display:flex;gap:10px;flex-wrap:wrap;margin-top:10px;\">\r\n    <a href=\"\/fr\/contact\/\" style=\"display:inline-block;background:#0b5d4b;color:#fff;text-decoration:none;border-radius:10px;padding:10px 14px;\">Consultation gratuite de 20 minutes<\/a>\r\n    <a href=\"#services\" style=\"display:inline-block;background:#0c1a2a;color:#fff;text-decoration:none;border-radius:10px;padding:10px 14px;\">Voir les services de l'\u00c9tat<\/a>\r\n  <\/div>\r\n<\/section>\r\n\r\n<hr style=\"margin:14px 0;\">\r\n\r\n<!-- ===== RESPONSIVE LAYOUT CSS (fixed mobile overlap) ===== -->\r\n<style>\r\n  .two-col{\r\n    display:grid;\r\n    grid-template-columns:minmax(220px,28%) 1fr;\r\n    gap:18px;\r\n    align-items:start;\r\n  }\r\n\r\n  \/* Desktop\/Tablet: Aside bleibt sticky *\/\r\n  .two-col aside{\r\n    position:sticky;\r\n    top:72px;\r\n    align-self:start;\r\n  }\r\n\r\n  \/* Mobile: eine Spalte + Aside NICHT sticky (verhindert \u00dcberlappung) *\/\r\n  @media (max-width: 900px){\r\n    .two-col{\r\n      grid-template-columns:1fr;\r\n    }\r\n    .two-col aside{\r\n      position:static;\r\n      top:auto;\r\n    }\r\n  }\r\n\r\n  \/* Bild- und Container-Schutz gegen Layout-Spr\u00fcnge\/\u00dcberlauf *\/\r\n  .two-col img{max-width:100%;height:auto;display:block}\r\n  .two-col main, .two-col aside{overflow:visible}\r\n<\/style>\r\n\r\n<!-- ===== TWO-COLUMN LAYOUT ===== -->\r\n<div class=\"two-col\">\r\n  <!-- LEFT \/ ASIDE comes first in DOM so it shows first on mobile -->\r\n  <aside>\r\n    <div style=\"border:1px solid #cbd5e1;border-radius:10px;padding:10px;margin-bottom:12px;\">\r\n     \r\n      <div style=\"margin-top:8px;font-size:14px;color:#374151;\">\r\n        En un coup d'\u0153il :\r\n        <ul style=\"margin:6px 0 0 18px;\">\r\n          <li>Orientations sp\u00e9cifiques \u00e0 l'\u00c9tat en mati\u00e8re de droits de succession et d'h\u00e9ritage<\/li>\r\n          <li>Forfaits de services \u00e0 prix fixe, pr\u00eats \u00e0 l'emploi<\/li>\r\n          <li>Planification, classement, soutien et coordination des audits<\/li>\r\n        <\/ul>\r\n      <\/div>\r\n    <\/div>\r\n\r\n    <nav aria-label=\"Sur cette page\" style=\"border:1px solid #cbd5e1;border-radius:10px;padding:10px;\">\r\n      <strong style=\"display:block;margin-bottom:6px;\">Sur cette page<\/strong>\r\n      <ol style=\"padding-left:18px;margin:0;\">\r\n        <li><a href=\"#services\">Pages des services de l'\u00c9tat<\/a><\/li>\r\n        <li><a href=\"#why\">Pourquoi nous choisir ?<\/a><\/li>\r\n        <li><a href=\"#who\">Qui sommes-nous ?<\/a><\/li>\r\n        <li><a href=\"#contact-cta\">S'adresser \u00e0 un sp\u00e9cialiste<\/a><\/li>\r\n      <\/ol>\r\n    <\/nav>\r\n  <\/aside>\r\n\r\n  <!-- RIGHT \/ MAIN -->\r\n  <main>\r\n    <section id=\"services\">\r\n      <h2>Pages des services de l'\u00c9tat<\/h2>\r\n      <p>Choisissez votre juridiction pour voir les seuils, les voies de d\u00e9p\u00f4t, les d\u00e9lais et les forfaits :<\/p>\r\n      <ul style=\"margin:0 0 12px 18px;\">\r\n        <li><a href=\"https:\/\/taxrep.us\/fr\/service-de-limpot-sur-la-fortune-et-les-biens-immobiliers-des-etats-unis\/service-des-droits-de-succession-des-etats-unis\/service-de-limpot-sur-les-successions-et-les-donations-du-connecticut\/\" target=\"_blank\" rel=\"noopener\">Connecticut - Service des droits de succession et de donation<\/a><\/li>\r\n        <li><a href=\"https:\/\/taxrep.us\/fr\/service-de-limpot-sur-la-fortune-et-les-biens-immobiliers-des-etats-unis\/service-des-droits-de-succession-des-etats-unis\/district-of-columbia-estate-tax-service\/\" target=\"_blank\" rel=\"noopener\">District de Columbia - Service des droits de succession<\/a><\/li>\r\n        <li><a href=\"https:\/\/taxrep.us\/fr\/service-de-limpot-sur-la-fortune-et-les-biens-immobiliers-des-etats-unis\/service-des-droits-de-succession-des-etats-unis\/hawaii-estate-tax-service\/\" target=\"_blank\" rel=\"noopener\">Hawaii - Service des droits de succession<\/a><\/li>\r\n        <li><a href=\"https:\/\/taxrep.us\/fr\/service-de-limpot-sur-la-fortune-et-les-biens-immobiliers-des-etats-unis\/service-des-droits-de-succession-des-etats-unis\/service-de-limpot-sur-les-successions-de-lillinois\/\" target=\"_blank\" rel=\"noopener\">Illinois - Service des droits de succession<\/a><\/li>\r\n        <li><a href=\"https:\/\/taxrep.us\/fr\/service-de-limpot-sur-la-fortune-et-les-biens-immobiliers-des-etats-unis\/service-des-droits-de-succession-des-etats-unis\/service-des-droits-de-succession-du-kentucky\/\" target=\"_blank\" rel=\"noopener\">Kentucky - Service des droits de succession<\/a><\/li>\r\n        <li><a href=\"https:\/\/taxrep.us\/fr\/service-de-limpot-sur-la-fortune-et-les-biens-immobiliers-des-etats-unis\/service-des-droits-de-succession-des-etats-unis\/maine-estate-tax-service\/\" target=\"_blank\" rel=\"noopener\">Maine - Service des droits de succession<\/a><\/li>\r\n        <li><a href=\"https:\/\/taxrep.us\/fr\/service-de-limpot-sur-la-fortune-et-les-biens-immobiliers-des-etats-unis\/service-des-droits-de-succession-des-etats-unis\/service-des-droits-de-succession-du-maryland\/\" target=\"_blank\" rel=\"noopener\">Maryland - Service des droits de succession et d'h\u00e9ritage<\/a><\/li>\r\n        <li><a href=\"https:\/\/taxrep.us\/fr\/service-de-limpot-sur-la-fortune-et-les-biens-immobiliers-des-etats-unis\/service-des-droits-de-succession-des-etats-unis\/service-des-impots-sur-les-successions-du-massachusetts\/\" target=\"_blank\" rel=\"noopener\">Massachusetts - Service des droits de succession<\/a><\/li>\r\n        <li><a href=\"https:\/\/taxrep.us\/fr\/service-de-limpot-sur-la-fortune-et-les-biens-immobiliers-des-etats-unis\/service-des-droits-de-succession-des-etats-unis\/service-des-droits-de-succession-du-minnesota\/\" target=\"_blank\" rel=\"noopener\">Minnesota - Service des droits de succession<\/a><\/li>\r\n        <li><a href=\"https:\/\/taxrep.us\/fr\/service-de-limpot-sur-la-fortune-et-les-biens-immobiliers-des-etats-unis\/service-des-droits-de-succession-des-etats-unis\/service-des-droits-de-succession-du-nebraska\/\" target=\"_blank\" rel=\"noopener\">Nebraska - Service des droits de succession<\/a><\/li>\r\n        <li><a href=\"https:\/\/taxrep.us\/fr\/service-de-limpot-sur-la-fortune-et-les-biens-immobiliers-des-etats-unis\/service-des-droits-de-succession-des-etats-unis\/service-des-droits-de-succession-du-nouveau-jersey\/\" target=\"_blank\" rel=\"noopener\">New Jersey - Service des droits de succession<\/a><\/li>\r\n        <li><a href=\"https:\/\/taxrep.us\/fr\/service-de-limpot-sur-la-fortune-et-les-biens-immobiliers-des-etats-unis\/service-des-droits-de-succession-des-etats-unis\/service-de-limpot-sur-les-successions-de-new-york\/\" target=\"_blank\" rel=\"noopener\">New York - Service des droits de succession<\/a><\/li>\r\n        <li><a href=\"https:\/\/taxrep.us\/fr\/service-de-limpot-sur-la-fortune-et-les-biens-immobiliers-des-etats-unis\/service-des-droits-de-succession-des-etats-unis\/service-des-droits-de-succession-de-loregon\/\" target=\"_blank\" rel=\"noopener\">Oregon - Service des droits de succession<\/a><\/li>\r\n        <li><a href=\"https:\/\/taxrep.us\/fr\/service-de-limpot-sur-la-fortune-et-les-biens-immobiliers-des-etats-unis\/service-des-droits-de-succession-des-etats-unis\/service-des-droits-de-succession-de-pennsylvanie\/\" target=\"_blank\" rel=\"noopener\">Pennsylvanie - Service des droits de succession<\/a><\/li>\r\n        <li><a href=\"https:\/\/taxrep.us\/fr\/service-de-limpot-sur-la-fortune-et-les-biens-immobiliers-des-etats-unis\/service-des-droits-de-succession-des-etats-unis\/rhode-island-estate-tax-service\/\" target=\"_blank\" rel=\"noopener\">Rhode Island - Service des droits de succession<\/a><\/li>\r\n        <li><a href=\"https:\/\/taxrep.us\/fr\/service-de-limpot-sur-la-fortune-et-les-biens-immobiliers-des-etats-unis\/service-des-droits-de-succession-des-etats-unis\/service-federal-des-impots-sur-les-successions-des-etats-unis\/\" target=\"_blank\" rel=\"noopener\">U.S. Federal - Estate Tax Service<\/a><\/li>\r\n        <li><a href=\"https:\/\/taxrep.us\/fr\/service-de-limpot-sur-la-fortune-et-les-biens-immobiliers-des-etats-unis\/service-des-droits-de-succession-des-etats-unis\/service-des-impots-sur-les-successions-du-vermont\/\" target=\"_blank\" rel=\"noopener\">Vermont - Service des droits de succession<\/a><\/li>\r\n        <li><a href=\"https:\/\/taxrep.us\/fr\/service-de-limpot-sur-la-fortune-et-les-biens-immobiliers-des-etats-unis\/service-des-droits-de-succession-des-etats-unis\/washington-estate-tax-service\/\" target=\"_blank\" rel=\"noopener\">Washington - Service des droits de succession<\/a><\/li>\r\n      <\/ul>\r\n\r\n      <p style=\"margin-top:10px;\">Conseil : si votre dossier s'\u00e9tend sur plusieurs \u00c9tats (par exemple, des biens situ\u00e9s dans le VT et le WA), nous coordonnons les d\u00e9p\u00f4ts et la r\u00e9partition afin de r\u00e9duire les risques et les d\u00e9lais.<\/p>\r\n    <\/section>\r\n\r\n    <section id=\"why\" style=\"margin-top:16px;\">\r\n      <h2>Pourquoi nous choisir ?<\/h2>\r\n      <ul>\r\n        <li><strong>Expertise \u00c9tat par \u00c9tat<\/strong> sur les seuils, les d\u00e9ductions, la transf\u00e9rabilit\u00e9, les choix et les audits<\/li>\r\n        <li><strong>Forfaits \u00e0 prix fixe<\/strong> avec un champ d'application clair et des d\u00e9lais pr\u00e9visibles<\/li>\r\n        <li><strong>Processus convivial pour l'ex\u00e9cuteur<\/strong> avec des listes de contr\u00f4le des documents et un suivi de l'\u00e9tat d'avancement<\/li>\r\n        <li><strong>Collaboration des avocats<\/strong> (nous travaillons en \u00e9troite collaboration avec votre avocat)<\/li>\r\n      <\/ul>\r\n    <\/section>\r\n\r\n    <section id=\"who\" style=\"margin-top:16px;\">\r\n      <h2>Qui sommes-nous ?<\/h2>\r\n      <ul>\r\n        <li>Ex\u00e9cuteurs testamentaires et repr\u00e9sentants personnels g\u00e9rant des successions dans plusieurs \u00c9tats<\/li>\r\n        <li>Avocats \u00e0 la recherche d'un syst\u00e8me de classement conforme et d'un support pr\u00eat pour l'audit<\/li>\r\n        <li>Familles poss\u00e9dant des biens immobiliers ou des actifs dans des pays soumis \u00e0 l'imp\u00f4t sur les successions.<\/li>\r\n        <li>H\u00e9ritiers ne r\u00e9sidant pas dans l'\u00c9tat et poss\u00e9dant des biens dans l'\u00c9tat (biens immobiliers, titres, entreprises)<\/li>\r\n      <\/ul>\r\n    <\/section>\r\n\r\n    <section id=\"contact-cta\" style=\"margin-top:16px;\">\r\n      <h2>Parlez \u00e0 un sp\u00e9cialiste de l'imp\u00f4t sur les successions de l'\u00c9tat<\/h2>\r\n      <p>Examinez votre situation, les d\u00e9lais et le meilleur paquet pour votre juridiction lors d'un appel de d\u00e9couverte gratuit de 20 minutes.<\/p>\r\n      <a href=\"\/fr\/contact\/\" style=\"display:inline-block;background:#0b5d4b;color:#fff;text-decoration:none;border-radius:10px;padding:10px 14px;\">R\u00e9servez votre consultation gratuite<\/a>\r\n    <\/section>\r\n  <\/main>\r\n<\/div>\r\n\r\n<!-- ===== FAQ SCHEMA ===== -->\r\n<script type=\"application\/ld+json\">{\n    \"@context\": \"https:\\\/\\\/schema.org\",\n    \"@type\": \"FAQPage\",\n    \"mainEntity\": [\n        {\n            \"@type\": \"Question\",\n            \"name\": \"Do I need estate tax or inheritance tax support?\",\n            \"acceptedAnswer\": {\n                \"@type\": \"Answer\",\n                \"text\": \"It depends on the state: some levy an estate tax on the estate itself (e.g., MA, OR, VT, WA), others levy an inheritance tax on beneficiaries (e.g., KY, NE, NJ, PA), and a few have both in different forms (e.g., MD). Select your state service page above for thresholds, timelines and package fit.\"\n            }\n        },\n        {\n            \"@type\": \"Question\",\n            \"name\": \"What do your fixed-fee packages include?\",\n            \"acceptedAnswer\": {\n                \"@type\": \"Answer\",\n                \"text\": \"Packages typically include eligibility\\\/threshold analysis, document checklist, preparation and filing of applicable state forms, coordination with federal estate returns as needed, payment guidance, and audit-ready support. State-specific add-ons (e.g., real-property apportionment) are available.\"\n            }\n        },\n        {\n            \"@type\": \"Question\",\n            \"name\": \"Can you help when assets span multiple states?\",\n            \"acceptedAnswer\": {\n                \"@type\": \"Answer\",\n                \"text\": \"Yes. We coordinate filings, apportionment and timelines across states, and align with your attorney to prevent conflicts or duplicate assessments.\"\n            }\n        },\n        {\n            \"@type\": \"Question\",\n            \"name\": \"Is the consultation really free?\",\n            \"acceptedAnswer\": {\n                \"@type\": \"Answer\",\n                \"text\": \"Yes \\u2014 we offer a complimentary 20-minute discovery call to assess your situation, outline scope and provide a clear fixed-fee quote before engagement.\"\n            }\n        }\n    ]\n}<\/script>\r\n\t\t\t\t<\/div>\n\t\t\t\t<\/div>\n\t\t\t\t<div class=\"elementor-element elementor-element-563a042 elementor-widget-divider--view-line elementor-widget elementor-widget-divider\" data-id=\"563a042\" data-element_type=\"widget\" data-widget_type=\"divider.default\">\n\t\t\t\t<div class=\"elementor-widget-container\">\n\t\t\t\t\t\t\t<div class=\"elementor-divider\">\n\t\t\t<span class=\"elementor-divider-separator\">\n\t\t\t\t\t\t<\/span>\n\t\t<\/div>\n\t\t\t\t\t\t<\/div>\n\t\t\t\t<\/div>\n\t\t\t\t\t<\/div>\n\t\t<\/div>\n\t\t\t\t\t<\/div>\n\t\t<\/section>\n\t\t\t\t<\/div>","protected":false},"excerpt":{"rendered":"<p>U.S. Estate &amp; Inheritance Tax - Service Overview U.S. Estate &amp; Inheritance Tax - State Service Overview Naviguez dans l'imp\u00f4t sur les successions et les h\u00e9ritages sp\u00e9cifique \u00e0 l'\u00e9tat avec des forfaits de services clairs et fixes. Qu'il s'agisse d'exon\u00e9rations, de d\u00e9lais de d\u00e9claration, d'audits ou de successions transnationales, notre \u00e9quipe assiste les ex\u00e9cuteurs testamentaires, les avocats et les familles dans tout le pays. Consultation gratuite de 20 minutes Voir les services de l'\u00c9tat En un coup d'\u0153il : [...]<\/p>","protected":false},"author":2,"featured_media":0,"parent":4283,"menu_order":5,"comment_status":"closed","ping_status":"closed","template":"","meta":{"_acf_changed":false,"om_disable_all_campaigns":false,"_monsterinsights_skip_tracking":false,"_monsterinsights_sitenote_active":false,"_monsterinsights_sitenote_note":"","_monsterinsights_sitenote_category":0,"footnotes":""},"class_list":["post-7296","page","type-page","status-publish","hentry"],"acf":[],"yoast_head":"<!-- This site is optimized with the Yoast SEO Premium plugin v26.6 (Yoast SEO v26.8) - https:\/\/yoast.com\/product\/yoast-seo-premium-wordpress\/ -->\n<title>U.S. Estate &amp; Inheritance Tax Service | TaxRep US<\/title>\n<meta name=\"description\" content=\"Comprehensive U.S. state-estate &amp; inheritance tax service. Fixed-fee packages for multi-state estates, filings, audits &amp; compliance. Book your free consult today.\" \/>\n<meta name=\"robots\" content=\"index, follow, max-snippet:-1, max-image-preview:large, max-video-preview:-1\" \/>\n<link rel=\"canonical\" href=\"https:\/\/taxrep.us\/fr\/service-de-limpot-sur-la-fortune-et-les-biens-immobiliers-des-etats-unis\/service-des-droits-de-succession-des-etats-unis\/\" \/>\n<meta property=\"og:locale\" content=\"fr_FR\" \/>\n<meta property=\"og:type\" content=\"article\" \/>\n<meta property=\"og:title\" content=\"US Estate &amp; Inheritance Tax Service\" \/>\n<meta property=\"og:description\" content=\"Comprehensive U.S. state-estate &amp; inheritance tax service. Fixed-fee packages for multi-state estates, filings, audits &amp; compliance. Book your free consult today.\" \/>\n<meta property=\"og:url\" content=\"https:\/\/taxrep.us\/fr\/service-de-limpot-sur-la-fortune-et-les-biens-immobiliers-des-etats-unis\/service-des-droits-de-succession-des-etats-unis\/\" \/>\n<meta property=\"og:site_name\" content=\"TaxRep\" \/>\n<meta property=\"article:modified_time\" content=\"2025-11-17T07:05:32+00:00\" \/>\n<meta name=\"twitter:card\" content=\"summary_large_image\" \/>\n<meta name=\"twitter:label1\" content=\"Dur\u00e9e de lecture estim\u00e9e\" \/>\n\t<meta name=\"twitter:data1\" content=\"2 minutes\" \/>\n<script type=\"application\/ld+json\" class=\"yoast-schema-graph\">{\"@context\":\"https:\/\/schema.org\",\"@graph\":[{\"@type\":\"WebPage\",\"@id\":\"https:\/\/taxrep.us\/us-estate-wealth-and-property-tax-service\/us-estate-inheritance-tax-service\/\",\"url\":\"https:\/\/taxrep.us\/us-estate-wealth-and-property-tax-service\/us-estate-inheritance-tax-service\/\",\"name\":\"U.S. Estate & Inheritance Tax Service | TaxRep US\",\"isPartOf\":{\"@id\":\"https:\/\/taxrep.us\/#website\"},\"datePublished\":\"2025-11-06T08:41:41+00:00\",\"dateModified\":\"2025-11-17T07:05:32+00:00\",\"description\":\"Comprehensive U.S. state-estate & inheritance tax service. Fixed-fee packages for multi-state estates, filings, audits & compliance. Book your free consult today.\",\"breadcrumb\":{\"@id\":\"https:\/\/taxrep.us\/us-estate-wealth-and-property-tax-service\/us-estate-inheritance-tax-service\/#breadcrumb\"},\"inLanguage\":\"fr-FR\",\"potentialAction\":[{\"@type\":\"ReadAction\",\"target\":[\"https:\/\/taxrep.us\/us-estate-wealth-and-property-tax-service\/us-estate-inheritance-tax-service\/\"]}]},{\"@type\":\"BreadcrumbList\",\"@id\":\"https:\/\/taxrep.us\/us-estate-wealth-and-property-tax-service\/us-estate-inheritance-tax-service\/#breadcrumb\",\"itemListElement\":[{\"@type\":\"ListItem\",\"position\":1,\"name\":\"Home\",\"item\":\"https:\/\/taxrep.us\/\"},{\"@type\":\"ListItem\",\"position\":2,\"name\":\"US Estate, Wealth and Property Tax Service\",\"item\":\"https:\/\/taxrep.us\/us-estate-wealth-and-property-tax-service\/\"},{\"@type\":\"ListItem\",\"position\":3,\"name\":\"US Estate &#038; Inheritance Tax Service\"}]},{\"@type\":\"WebSite\",\"@id\":\"https:\/\/taxrep.us\/#website\",\"url\":\"https:\/\/taxrep.us\/\",\"name\":\"TaxRep\",\"description\":\"Tax Services\",\"publisher\":{\"@id\":\"https:\/\/taxrep.us\/#organization\"},\"potentialAction\":[{\"@type\":\"SearchAction\",\"target\":{\"@type\":\"EntryPoint\",\"urlTemplate\":\"https:\/\/taxrep.us\/?s={search_term_string}\"},\"query-input\":{\"@type\":\"PropertyValueSpecification\",\"valueRequired\":true,\"valueName\":\"search_term_string\"}}],\"inLanguage\":\"fr-FR\"},{\"@type\":\"Organization\",\"@id\":\"https:\/\/taxrep.us\/#organization\",\"name\":\"Sesch USA LLC\",\"url\":\"https:\/\/taxrep.us\/\",\"logo\":{\"@type\":\"ImageObject\",\"inLanguage\":\"fr-FR\",\"@id\":\"https:\/\/taxrep.us\/#\/schema\/logo\/image\/\",\"url\":\"https:\/\/taxrep.us\/wp-content\/uploads\/2023\/09\/TaxRep-Logo-scaled.jpg\",\"contentUrl\":\"https:\/\/taxrep.us\/wp-content\/uploads\/2023\/09\/TaxRep-Logo-scaled.jpg\",\"width\":2560,\"height\":708,\"caption\":\"Sesch USA LLC\"},\"image\":{\"@id\":\"https:\/\/taxrep.us\/#\/schema\/logo\/image\/\"}}]}<\/script>\n<!-- \/ Yoast SEO Premium plugin. -->","yoast_head_json":{"title":"U.S. Estate &amp; Inheritance Tax Service | TaxRep US","description":"Service complet d'imp\u00f4ts sur les successions et les successions d'\u00c9tat aux \u00c9tats-Unis. Forfaits pour les successions multi-\u00e9tats, les d\u00e9clarations, les audits et la conformit\u00e9. R\u00e9servez votre consultation gratuite d\u00e8s aujourd'hui.","robots":{"index":"index","follow":"follow","max-snippet":"max-snippet:-1","max-image-preview":"max-image-preview:large","max-video-preview":"max-video-preview:-1"},"canonical":"https:\/\/taxrep.us\/fr\/service-de-limpot-sur-la-fortune-et-les-biens-immobiliers-des-etats-unis\/service-des-droits-de-succession-des-etats-unis\/","og_locale":"fr_FR","og_type":"article","og_title":"US Estate & Inheritance Tax Service","og_description":"Comprehensive U.S. state-estate & inheritance tax service. Fixed-fee packages for multi-state estates, filings, audits & compliance. Book your free consult today.","og_url":"https:\/\/taxrep.us\/fr\/service-de-limpot-sur-la-fortune-et-les-biens-immobiliers-des-etats-unis\/service-des-droits-de-succession-des-etats-unis\/","og_site_name":"TaxRep","article_modified_time":"2025-11-17T07:05:32+00:00","twitter_card":"summary_large_image","twitter_misc":{"Dur\u00e9e de lecture estim\u00e9e":"2 minutes"},"schema":{"@context":"https:\/\/schema.org","@graph":[{"@type":"WebPage","@id":"https:\/\/taxrep.us\/us-estate-wealth-and-property-tax-service\/us-estate-inheritance-tax-service\/","url":"https:\/\/taxrep.us\/us-estate-wealth-and-property-tax-service\/us-estate-inheritance-tax-service\/","name":"U.S. Estate &amp; Inheritance Tax Service | TaxRep US","isPartOf":{"@id":"https:\/\/taxrep.us\/#website"},"datePublished":"2025-11-06T08:41:41+00:00","dateModified":"2025-11-17T07:05:32+00:00","description":"Service complet d'imp\u00f4ts sur les successions et les successions d'\u00c9tat aux \u00c9tats-Unis. Forfaits pour les successions multi-\u00e9tats, les d\u00e9clarations, les audits et la conformit\u00e9. R\u00e9servez votre consultation gratuite d\u00e8s aujourd'hui.","breadcrumb":{"@id":"https:\/\/taxrep.us\/us-estate-wealth-and-property-tax-service\/us-estate-inheritance-tax-service\/#breadcrumb"},"inLanguage":"fr-FR","potentialAction":[{"@type":"ReadAction","target":["https:\/\/taxrep.us\/us-estate-wealth-and-property-tax-service\/us-estate-inheritance-tax-service\/"]}]},{"@type":"BreadcrumbList","@id":"https:\/\/taxrep.us\/us-estate-wealth-and-property-tax-service\/us-estate-inheritance-tax-service\/#breadcrumb","itemListElement":[{"@type":"ListItem","position":1,"name":"Home","item":"https:\/\/taxrep.us\/"},{"@type":"ListItem","position":2,"name":"US Estate, Wealth and Property Tax Service","item":"https:\/\/taxrep.us\/us-estate-wealth-and-property-tax-service\/"},{"@type":"ListItem","position":3,"name":"US Estate &#038; Inheritance Tax Service"}]},{"@type":"WebSite","@id":"https:\/\/taxrep.us\/#website","url":"https:\/\/taxrep.us\/","name":"TaxRep","description":"Services fiscaux","publisher":{"@id":"https:\/\/taxrep.us\/#organization"},"potentialAction":[{"@type":"SearchAction","target":{"@type":"EntryPoint","urlTemplate":"https:\/\/taxrep.us\/?s={search_term_string}"},"query-input":{"@type":"PropertyValueSpecification","valueRequired":true,"valueName":"search_term_string"}}],"inLanguage":"fr-FR"},{"@type":"Organization","@id":"https:\/\/taxrep.us\/#organization","name":"Sesch USA LLC","url":"https:\/\/taxrep.us\/","logo":{"@type":"ImageObject","inLanguage":"fr-FR","@id":"https:\/\/taxrep.us\/#\/schema\/logo\/image\/","url":"https:\/\/taxrep.us\/wp-content\/uploads\/2023\/09\/TaxRep-Logo-scaled.jpg","contentUrl":"https:\/\/taxrep.us\/wp-content\/uploads\/2023\/09\/TaxRep-Logo-scaled.jpg","width":2560,"height":708,"caption":"Sesch USA LLC"},"image":{"@id":"https:\/\/taxrep.us\/#\/schema\/logo\/image\/"}}]}},"_links":{"self":[{"href":"https:\/\/taxrep.us\/fr\/wp-json\/wp\/v2\/pages\/7296","targetHints":{"allow":["GET"]}}],"collection":[{"href":"https:\/\/taxrep.us\/fr\/wp-json\/wp\/v2\/pages"}],"about":[{"href":"https:\/\/taxrep.us\/fr\/wp-json\/wp\/v2\/types\/page"}],"author":[{"embeddable":true,"href":"https:\/\/taxrep.us\/fr\/wp-json\/wp\/v2\/users\/2"}],"replies":[{"embeddable":true,"href":"https:\/\/taxrep.us\/fr\/wp-json\/wp\/v2\/comments?post=7296"}],"version-history":[{"count":10,"href":"https:\/\/taxrep.us\/fr\/wp-json\/wp\/v2\/pages\/7296\/revisions"}],"predecessor-version":[{"id":8234,"href":"https:\/\/taxrep.us\/fr\/wp-json\/wp\/v2\/pages\/7296\/revisions\/8234"}],"up":[{"embeddable":true,"href":"https:\/\/taxrep.us\/fr\/wp-json\/wp\/v2\/pages\/4283"}],"wp:attachment":[{"href":"https:\/\/taxrep.us\/fr\/wp-json\/wp\/v2\/media?parent=7296"}],"curies":[{"name":"wp","href":"https:\/\/api.w.org\/{rel}","templated":true}]}}