{"id":7297,"date":"2025-11-06T08:41:57","date_gmt":"2025-11-06T08:41:57","guid":{"rendered":"https:\/\/taxrep.us\/?page_id=7297"},"modified":"2025-11-18T07:43:28","modified_gmt":"2025-11-18T07:43:28","slug":"servizio-imposte-sulla-proprieta","status":"publish","type":"page","link":"https:\/\/taxrep.us\/it\/servizio-imposte-patrimoniali-e-immobiliari\/servizio-imposte-sulla-proprieta\/","title":{"rendered":"Servizio imposte sulla propriet\u00e0 degli Stati Uniti"},"content":{"rendered":"<div data-elementor-type=\"wp-page\" data-elementor-id=\"7297\" class=\"elementor elementor-7297\">\n\t\t\t\t\t\t<section class=\"elementor-section elementor-top-section elementor-element elementor-element-a9ef211 elementor-section-boxed elementor-section-height-default elementor-section-height-default\" data-id=\"a9ef211\" data-element_type=\"section\">\n\t\t\t\t\t\t<div class=\"elementor-container elementor-column-gap-default\">\n\t\t\t\t\t<div class=\"elementor-column elementor-col-100 elementor-top-column elementor-element elementor-element-5f1dc95\" data-id=\"5f1dc95\" data-element_type=\"column\" data-settings=\"{&quot;background_background&quot;:&quot;classic&quot;}\">\n\t\t\t<div class=\"elementor-widget-wrap elementor-element-populated\">\n\t\t\t\t\t\t<div class=\"elementor-element elementor-element-63a9b26 elementor-widget elementor-widget-heading\" data-id=\"63a9b26\" data-element_type=\"widget\" data-widget_type=\"heading.default\">\n\t\t\t\t<div class=\"elementor-widget-container\">\n\t\t\t\t\t<h1 class=\"elementor-heading-title elementor-size-default\">Servizio di tassazione di beni, patrimoni e propriet\u00e0 negli Stati Uniti<\/h1>\t\t\t\t<\/div>\n\t\t\t\t<\/div>\n\t\t\t\t\t<\/div>\n\t\t<\/div>\n\t\t\t\t\t<\/div>\n\t\t<\/section>\n\t\t\t\t<section class=\"elementor-section elementor-top-section elementor-element elementor-element-9615bf8 elementor-section-boxed elementor-section-height-default elementor-section-height-default\" data-id=\"9615bf8\" data-element_type=\"section\">\n\t\t\t\t\t\t\t<div class=\"elementor-background-overlay\"><\/div>\n\t\t\t\t\t\t\t<div class=\"elementor-container elementor-column-gap-default\">\n\t\t\t\t\t<div class=\"elementor-column elementor-col-33 elementor-top-column elementor-element elementor-element-0e33123\" data-id=\"0e33123\" data-element_type=\"column\">\n\t\t\t<div class=\"elementor-widget-wrap elementor-element-populated\">\n\t\t\t\t\t\t<div class=\"elementor-element elementor-element-10a6890 elementor-widget elementor-widget-image\" data-id=\"10a6890\" data-element_type=\"widget\" data-widget_type=\"image.default\">\n\t\t\t\t<div class=\"elementor-widget-container\">\n\t\t\t\t\t\t\t\t\t\t\t\t\t\t\t<img fetchpriority=\"high\" decoding=\"async\" width=\"580\" height=\"387\" src=\"https:\/\/taxrep.us\/wp-content\/uploads\/2025\/09\/US-Inheritance-Wealth-and-Property-Tax-Service-1024x683.png\" class=\"attachment-large size-large wp-image-4297\" alt=\"Servizio imposte di successione e di propriet\u00e0 negli Stati Uniti\" srcset=\"https:\/\/taxrep.us\/wp-content\/uploads\/2025\/09\/US-Inheritance-Wealth-and-Property-Tax-Service-1024x683.png 1024w, https:\/\/taxrep.us\/wp-content\/uploads\/2025\/09\/US-Inheritance-Wealth-and-Property-Tax-Service-300x200.png 300w, https:\/\/taxrep.us\/wp-content\/uploads\/2025\/09\/US-Inheritance-Wealth-and-Property-Tax-Service-768x512.png 768w, https:\/\/taxrep.us\/wp-content\/uploads\/2025\/09\/US-Inheritance-Wealth-and-Property-Tax-Service-1200x800.png 1200w, https:\/\/taxrep.us\/wp-content\/uploads\/2025\/09\/US-Inheritance-Wealth-and-Property-Tax-Service-122x81.png 122w, https:\/\/taxrep.us\/wp-content\/uploads\/2025\/09\/US-Inheritance-Wealth-and-Property-Tax-Service.png 1536w\" sizes=\"(max-width: 580px) 100vw, 580px\" \/>\t\t\t\t\t\t\t\t\t\t\t\t\t\t\t<\/div>\n\t\t\t\t<\/div>\n\t\t\t\t\t<\/div>\n\t\t<\/div>\n\t\t\t\t<div class=\"elementor-column elementor-col-66 elementor-top-column elementor-element elementor-element-ef618fa\" data-id=\"ef618fa\" data-element_type=\"column\">\n\t\t\t<div class=\"elementor-widget-wrap elementor-element-populated\">\n\t\t\t\t\t\t<div class=\"elementor-element elementor-element-73e740b elementor-widget elementor-widget-html\" data-id=\"73e740b\" data-element_type=\"widget\" data-widget_type=\"html.default\">\n\t\t\t\t<div class=\"elementor-widget-container\">\n\t\t\t\t\t<!doctype html>\r\n<html lang=\"en\">\r\n<head>\r\n  <meta charset=\"utf-8\" \/>\r\n  <title>Servizio imposte sulla propriet\u00e0 degli Stati Uniti - Prossimamente | TAXREP<\/title>\r\n  <meta name=\"viewport\" content=\"width=device-width, initial-scale=1\" \/>\r\n  <meta name=\"robots\" content=\"index,follow\" \/>\r\n  <meta name=\"description\" content=\"Al momento non offriamo servizi di tassazione delle propriet\u00e0 statunitensi. Questa pagina sar\u00e0 aggiornata non appena il servizio sar\u00e0 disponibile.\" \/>\r\n  <link rel=\"canonical\" href=\"https:\/\/taxrep.us\/us-estate-wealth-and-property-tax-service\/us-property-tax-service\/\">\r\n\r\n  <style>\r\n    :root { --fg:#111; --muted:#555; --bg:#fff; --accent:#0b5; }\r\n    html, body { margin:0; padding:0; background:var(--bg); color:var(--fg); font:16px\/1.6 system-ui, -apple-system, Segoe UI, Roboto, Arial, sans-serif; }\r\n    main { max-width: 760px; margin: 4rem auto; padding: 0 1.25rem; }\r\n    h1 { font-size: clamp(1.8rem, 2.8vw, 2.25rem); line-height: 1.25; margin: 0 0 0.5rem; }\r\n    p  { margin: 0.25rem 0 1rem; }\r\n    .tag { display:inline-block; font-size:.875rem; color:#fff; background:var(--accent); padding:.25rem .5rem; border-radius:.5rem; margin-top:.25rem; }\r\n    .note { color:var(--muted); font-size:0.95rem; }\r\n  <\/style>\r\n<\/head>\r\n<body>\r\n  <main>\r\n    <h1>Servizio imposte sulla propriet\u00e0 degli Stati Uniti - Prossimamente<\/h1>\r\n    <p class=\"tag\" aria-label=\"Stato\">Stato: In preparazione<\/p>\r\n\r\n    <p>Al momento, <strong>non offriamo servizi fiscali sulla propriet\u00e0<\/strong> per il settore immobiliare statunitense.<\/p>\r\n    <p>Ci stiamo preparando ad ampliare la nostra attivit\u00e0 di consulenza in questo settore per garantire la piena conformit\u00e0 e un servizio di alta qualit\u00e0.<\/p>\r\n    <p>Una volta che il nostro <strong>Servizio imposte sulla propriet\u00e0 degli Stati Uniti<\/strong> questa pagina fornir\u00e0 dettagli, indicazioni e opzioni di contatto.<\/p>\r\n\r\n    <p class=\"note\">Tornate a trovarci per gli aggiornamenti o <a href=\"\/it\/contatto\/\">contattateci<\/a> se volete essere avvisati dell'avvio del servizio.<\/p>\r\n  <\/main>\r\n\r\n  <!-- Optional structured data: update \"name\" with your firm name -->\r\n  <script type=\"application\/ld+json\">{\n    \"@context\": \"https:\\\/\\\/schema.org\",\n    \"@type\": \"Service\",\n    \"serviceType\": \"U.S. Property Tax Service\",\n    \"provider\": {\n        \"@type\": \"Organization\",\n        \"name\": \"TAXREP\"\n    },\n    \"areaServed\": {\n        \"@type\": \"Country\",\n        \"name\": \"United States\"\n    },\n    \"serviceOutput\": \"Advisory regarding U.S. property tax compliance\",\n    \"hasOfferCatalog\": {\n        \"@type\": \"OfferCatalog\",\n        \"name\": \"Coming Soon\"\n    }\n}<\/script>\r\n<\/body>\r\n<\/html>\r\n\t\t\t\t<\/div>\n\t\t\t\t<\/div>\n\t\t\t\t\t<\/div>\n\t\t<\/div>\n\t\t\t\t\t<\/div>\n\t\t<\/section>\n\t\t\t\t<section class=\"elementor-section elementor-top-section elementor-element elementor-element-c984b29 elementor-section-boxed elementor-section-height-default elementor-section-height-default\" data-id=\"c984b29\" data-element_type=\"section\">\n\t\t\t\t\t\t<div class=\"elementor-container elementor-column-gap-default\">\n\t\t\t\t\t<div class=\"elementor-column elementor-col-100 elementor-top-column elementor-element elementor-element-06bc6ee\" data-id=\"06bc6ee\" data-element_type=\"column\">\n\t\t\t<div class=\"elementor-widget-wrap elementor-element-populated\">\n\t\t\t\t\t\t\t<\/div>\n\t\t<\/div>\n\t\t\t\t\t<\/div>\n\t\t<\/section>\n\t\t\t\t<\/div>","protected":false},"excerpt":{"rendered":"<p>US Estate, Wealth and Property Tax Service US Property Tax Service \u2013 Coming Soon | TAXREP US Property Tax Service \u2013 Coming Soon Status: In preparation At the moment, we do not offer property tax services for U.S. real estate. We are preparing to expand our advisory scope in this area to ensure full compliance [&hellip;]<\/p>","protected":false},"author":2,"featured_media":0,"parent":4283,"menu_order":5,"comment_status":"closed","ping_status":"closed","template":"","meta":{"_acf_changed":false,"om_disable_all_campaigns":false,"_monsterinsights_skip_tracking":false,"_monsterinsights_sitenote_active":false,"_monsterinsights_sitenote_note":"","_monsterinsights_sitenote_category":0,"footnotes":""},"class_list":["post-7297","page","type-page","status-publish","hentry"],"acf":[],"yoast_head":"<!-- This site is optimized with the Yoast SEO Premium plugin v26.6 (Yoast SEO v26.8) - https:\/\/yoast.com\/product\/yoast-seo-premium-wordpress\/ -->\n<title>US Property Tax Service - TaxRep<\/title>\n<meta name=\"description\" content=\"US Estate, Wealth and Property Tax Service                         US Property Tax Service \u2013 Coming Soon | TAXREP             US Property Tax Service \u2013 Coming Soon   Status: In preparation   At the moment, we do not offer property tax services for U.S. real estate.   We are preparing to expand our advisory scope in this area to ensure full compliance and high-quality service.   Once our U.S. property tax service becomes available, this page will provide details, guidance, and contact options.   Check back for updates or contact us if you would like to be notified when the service launches.\" \/>\n<meta name=\"robots\" content=\"noindex, follow\" \/>\n<meta property=\"og:locale\" content=\"it_IT\" \/>\n<meta property=\"og:type\" content=\"article\" \/>\n<meta property=\"og:title\" content=\"US Property Tax Service\" \/>\n<meta property=\"og:description\" content=\"US Estate, Wealth and Property Tax Service                         US Property Tax Service \u2013 Coming Soon | TAXREP             US Property Tax Service \u2013 Coming Soon   Status: In preparation   At the moment, we do not offer property tax services for U.S. real estate.   We are preparing to expand our advisory scope in this area to ensure full compliance and high-quality service.   Once our U.S. property tax service becomes available, this page will provide details, guidance, and contact options.   Check back for updates or contact us if you would like to be notified when the service launches.\" \/>\n<meta property=\"og:url\" content=\"https:\/\/taxrep.us\/it\/servizio-imposte-patrimoniali-e-immobiliari\/servizio-imposte-sulla-proprieta\/\" \/>\n<meta property=\"og:site_name\" content=\"TaxRep\" \/>\n<meta property=\"article:modified_time\" content=\"2025-11-18T07:43:28+00:00\" \/>\n<meta property=\"og:image\" content=\"https:\/\/taxrep.us\/wp-content\/uploads\/2025\/09\/US-Inheritance-Wealth-and-Property-Tax-Service-1024x683.png\" \/>\n<meta name=\"twitter:card\" content=\"summary_large_image\" \/>\n<meta name=\"twitter:label1\" content=\"Tempo di lettura stimato\" \/>\n\t<meta name=\"twitter:data1\" content=\"1 minuto\" \/>\n<script type=\"application\/ld+json\" class=\"yoast-schema-graph\">{\"@context\":\"https:\/\/schema.org\",\"@graph\":[{\"@type\":\"WebPage\",\"@id\":\"https:\/\/taxrep.us\/us-estate-wealth-and-property-tax-service\/us-property-tax-service\/\",\"url\":\"https:\/\/taxrep.us\/us-estate-wealth-and-property-tax-service\/us-property-tax-service\/\",\"name\":\"US Property Tax Service - TaxRep\",\"isPartOf\":{\"@id\":\"https:\/\/taxrep.us\/#website\"},\"primaryImageOfPage\":{\"@id\":\"https:\/\/taxrep.us\/us-estate-wealth-and-property-tax-service\/us-property-tax-service\/#primaryimage\"},\"image\":{\"@id\":\"https:\/\/taxrep.us\/us-estate-wealth-and-property-tax-service\/us-property-tax-service\/#primaryimage\"},\"thumbnailUrl\":\"https:\/\/taxrep.us\/wp-content\/uploads\/2025\/09\/US-Inheritance-Wealth-and-Property-Tax-Service-1024x683.png\",\"datePublished\":\"2025-11-06T08:41:57+00:00\",\"dateModified\":\"2025-11-18T07:43:28+00:00\",\"description\":\"US Estate, Wealth and Property Tax Service US Property Tax Service \u2013 Coming Soon | TAXREP US Property Tax Service \u2013 Coming Soon Status: In preparation At the moment, we do not offer property tax services for U.S. real estate. We are preparing to expand our advisory scope in this area to ensure full compliance and high-quality service. Once our U.S. property tax service becomes available, this page will provide details, guidance, and contact options. Check back for updates or contact us if you would like to be notified when the service launches.\",\"breadcrumb\":{\"@id\":\"https:\/\/taxrep.us\/us-estate-wealth-and-property-tax-service\/us-property-tax-service\/#breadcrumb\"},\"inLanguage\":\"it-IT\",\"potentialAction\":[{\"@type\":\"ReadAction\",\"target\":[\"https:\/\/taxrep.us\/us-estate-wealth-and-property-tax-service\/us-property-tax-service\/\"]}]},{\"@type\":\"ImageObject\",\"inLanguage\":\"it-IT\",\"@id\":\"https:\/\/taxrep.us\/us-estate-wealth-and-property-tax-service\/us-property-tax-service\/#primaryimage\",\"url\":\"https:\/\/taxrep.us\/wp-content\/uploads\/2025\/09\/US-Inheritance-Wealth-and-Property-Tax-Service-1024x683.png\",\"contentUrl\":\"https:\/\/taxrep.us\/wp-content\/uploads\/2025\/09\/US-Inheritance-Wealth-and-Property-Tax-Service-1024x683.png\"},{\"@type\":\"BreadcrumbList\",\"@id\":\"https:\/\/taxrep.us\/us-estate-wealth-and-property-tax-service\/us-property-tax-service\/#breadcrumb\",\"itemListElement\":[{\"@type\":\"ListItem\",\"position\":1,\"name\":\"Home\",\"item\":\"https:\/\/taxrep.us\/\"},{\"@type\":\"ListItem\",\"position\":2,\"name\":\"US Estate, Wealth and Property Tax Service\",\"item\":\"https:\/\/taxrep.us\/us-estate-wealth-and-property-tax-service\/\"},{\"@type\":\"ListItem\",\"position\":3,\"name\":\"US Property Tax Service\"}]},{\"@type\":\"WebSite\",\"@id\":\"https:\/\/taxrep.us\/#website\",\"url\":\"https:\/\/taxrep.us\/\",\"name\":\"TaxRep\",\"description\":\"Tax Services\",\"publisher\":{\"@id\":\"https:\/\/taxrep.us\/#organization\"},\"potentialAction\":[{\"@type\":\"SearchAction\",\"target\":{\"@type\":\"EntryPoint\",\"urlTemplate\":\"https:\/\/taxrep.us\/?s={search_term_string}\"},\"query-input\":{\"@type\":\"PropertyValueSpecification\",\"valueRequired\":true,\"valueName\":\"search_term_string\"}}],\"inLanguage\":\"it-IT\"},{\"@type\":\"Organization\",\"@id\":\"https:\/\/taxrep.us\/#organization\",\"name\":\"Sesch USA LLC\",\"url\":\"https:\/\/taxrep.us\/\",\"logo\":{\"@type\":\"ImageObject\",\"inLanguage\":\"it-IT\",\"@id\":\"https:\/\/taxrep.us\/#\/schema\/logo\/image\/\",\"url\":\"https:\/\/taxrep.us\/wp-content\/uploads\/2023\/09\/TaxRep-Logo-scaled.jpg\",\"contentUrl\":\"https:\/\/taxrep.us\/wp-content\/uploads\/2023\/09\/TaxRep-Logo-scaled.jpg\",\"width\":2560,\"height\":708,\"caption\":\"Sesch USA LLC\"},\"image\":{\"@id\":\"https:\/\/taxrep.us\/#\/schema\/logo\/image\/\"}}]}<\/script>\n<!-- \/ Yoast SEO Premium plugin. -->","yoast_head_json":{"title":"Servizio imposte sulla propriet\u00e0 degli Stati Uniti - TaxRep","description":"Servizio fiscale su propriet\u00e0, patrimonio e immobili negli Stati Uniti Servizio fiscale sugli immobili negli Stati Uniti - Prossimamente | TAXREP Servizio fiscale sugli immobili negli Stati Uniti - Prossimamente Stato: Al momento non offriamo servizi di imposta sulla propriet\u00e0 per gli immobili statunitensi.   Ci stiamo preparando ad ampliare la nostra attivit\u00e0 di consulenza in questo settore per garantire la piena conformit\u00e0 e un servizio di alta qualit\u00e0.   Quando il nostro servizio di tassazione degli immobili statunitensi sar\u00e0 disponibile, questa pagina fornir\u00e0 dettagli, indicazioni e opzioni di contatto.   Tornate a trovarci per gli aggiornamenti o contattateci se volete essere avvisati del lancio del servizio.","robots":{"index":"noindex","follow":"follow"},"og_locale":"it_IT","og_type":"article","og_title":"US Property Tax Service","og_description":"US Estate, Wealth and Property Tax Service                         US Property Tax Service \u2013 Coming Soon | TAXREP             US Property Tax Service \u2013 Coming Soon   Status: In preparation   At the moment, we do not offer property tax services for U.S. real estate.   We are preparing to expand our advisory scope in this area to ensure full compliance and high-quality service.   Once our U.S. property tax service becomes available, this page will provide details, guidance, and contact options.   Check back for updates or contact us if you would like to be notified when the service launches.","og_url":"https:\/\/taxrep.us\/it\/servizio-imposte-patrimoniali-e-immobiliari\/servizio-imposte-sulla-proprieta\/","og_site_name":"TaxRep","article_modified_time":"2025-11-18T07:43:28+00:00","og_image":[{"url":"https:\/\/taxrep.us\/wp-content\/uploads\/2025\/09\/US-Inheritance-Wealth-and-Property-Tax-Service-1024x683.png","type":"","width":"","height":""}],"twitter_card":"summary_large_image","twitter_misc":{"Tempo di lettura stimato":"1 minuto"},"schema":{"@context":"https:\/\/schema.org","@graph":[{"@type":"WebPage","@id":"https:\/\/taxrep.us\/us-estate-wealth-and-property-tax-service\/us-property-tax-service\/","url":"https:\/\/taxrep.us\/us-estate-wealth-and-property-tax-service\/us-property-tax-service\/","name":"Servizio imposte sulla propriet\u00e0 degli Stati Uniti - TaxRep","isPartOf":{"@id":"https:\/\/taxrep.us\/#website"},"primaryImageOfPage":{"@id":"https:\/\/taxrep.us\/us-estate-wealth-and-property-tax-service\/us-property-tax-service\/#primaryimage"},"image":{"@id":"https:\/\/taxrep.us\/us-estate-wealth-and-property-tax-service\/us-property-tax-service\/#primaryimage"},"thumbnailUrl":"https:\/\/taxrep.us\/wp-content\/uploads\/2025\/09\/US-Inheritance-Wealth-and-Property-Tax-Service-1024x683.png","datePublished":"2025-11-06T08:41:57+00:00","dateModified":"2025-11-18T07:43:28+00:00","description":"Servizio fiscale su propriet\u00e0, patrimonio e immobili negli Stati Uniti Servizio fiscale sugli immobili negli Stati Uniti - Prossimamente | TAXREP Servizio fiscale sugli immobili negli Stati Uniti - Prossimamente Stato: Al momento non offriamo servizi di imposta sulla propriet\u00e0 per gli immobili statunitensi. Ci stiamo preparando ad ampliare la nostra attivit\u00e0 di consulenza in questo settore per garantire la piena conformit\u00e0 e un servizio di alta qualit\u00e0. Quando il nostro servizio di tassazione degli immobili statunitensi sar\u00e0 disponibile, questa pagina fornir\u00e0 dettagli, indicazioni e opzioni di contatto. Tornate a trovarci per gli aggiornamenti o contattateci se volete essere avvisati del lancio del servizio.","breadcrumb":{"@id":"https:\/\/taxrep.us\/us-estate-wealth-and-property-tax-service\/us-property-tax-service\/#breadcrumb"},"inLanguage":"it-IT","potentialAction":[{"@type":"ReadAction","target":["https:\/\/taxrep.us\/us-estate-wealth-and-property-tax-service\/us-property-tax-service\/"]}]},{"@type":"ImageObject","inLanguage":"it-IT","@id":"https:\/\/taxrep.us\/us-estate-wealth-and-property-tax-service\/us-property-tax-service\/#primaryimage","url":"https:\/\/taxrep.us\/wp-content\/uploads\/2025\/09\/US-Inheritance-Wealth-and-Property-Tax-Service-1024x683.png","contentUrl":"https:\/\/taxrep.us\/wp-content\/uploads\/2025\/09\/US-Inheritance-Wealth-and-Property-Tax-Service-1024x683.png"},{"@type":"BreadcrumbList","@id":"https:\/\/taxrep.us\/us-estate-wealth-and-property-tax-service\/us-property-tax-service\/#breadcrumb","itemListElement":[{"@type":"ListItem","position":1,"name":"Home","item":"https:\/\/taxrep.us\/"},{"@type":"ListItem","position":2,"name":"US Estate, Wealth and Property Tax Service","item":"https:\/\/taxrep.us\/us-estate-wealth-and-property-tax-service\/"},{"@type":"ListItem","position":3,"name":"US Property Tax Service"}]},{"@type":"WebSite","@id":"https:\/\/taxrep.us\/#website","url":"https:\/\/taxrep.us\/","name":"TaxRep","description":"Servizi fiscali","publisher":{"@id":"https:\/\/taxrep.us\/#organization"},"potentialAction":[{"@type":"SearchAction","target":{"@type":"EntryPoint","urlTemplate":"https:\/\/taxrep.us\/?s={search_term_string}"},"query-input":{"@type":"PropertyValueSpecification","valueRequired":true,"valueName":"search_term_string"}}],"inLanguage":"it-IT"},{"@type":"Organization","@id":"https:\/\/taxrep.us\/#organization","name":"Sesch USA LLC","url":"https:\/\/taxrep.us\/","logo":{"@type":"ImageObject","inLanguage":"it-IT","@id":"https:\/\/taxrep.us\/#\/schema\/logo\/image\/","url":"https:\/\/taxrep.us\/wp-content\/uploads\/2023\/09\/TaxRep-Logo-scaled.jpg","contentUrl":"https:\/\/taxrep.us\/wp-content\/uploads\/2023\/09\/TaxRep-Logo-scaled.jpg","width":2560,"height":708,"caption":"Sesch USA LLC"},"image":{"@id":"https:\/\/taxrep.us\/#\/schema\/logo\/image\/"}}]}},"_links":{"self":[{"href":"https:\/\/taxrep.us\/it\/wp-json\/wp\/v2\/pages\/7297","targetHints":{"allow":["GET"]}}],"collection":[{"href":"https:\/\/taxrep.us\/it\/wp-json\/wp\/v2\/pages"}],"about":[{"href":"https:\/\/taxrep.us\/it\/wp-json\/wp\/v2\/types\/page"}],"author":[{"embeddable":true,"href":"https:\/\/taxrep.us\/it\/wp-json\/wp\/v2\/users\/2"}],"replies":[{"embeddable":true,"href":"https:\/\/taxrep.us\/it\/wp-json\/wp\/v2\/comments?post=7297"}],"version-history":[{"count":7,"href":"https:\/\/taxrep.us\/it\/wp-json\/wp\/v2\/pages\/7297\/revisions"}],"predecessor-version":[{"id":7595,"href":"https:\/\/taxrep.us\/it\/wp-json\/wp\/v2\/pages\/7297\/revisions\/7595"}],"up":[{"embeddable":true,"href":"https:\/\/taxrep.us\/it\/wp-json\/wp\/v2\/pages\/4283"}],"wp:attachment":[{"href":"https:\/\/taxrep.us\/it\/wp-json\/wp\/v2\/media?parent=7297"}],"curies":[{"name":"wp","href":"https:\/\/api.w.org\/{rel}","templated":true}]}}